{"id":4854,"date":"2017-05-31T05:05:41","date_gmt":"2017-05-31T05:05:41","guid":{"rendered":"http:\/\/import.themovation.com\/embark\/walking-tours\/?page_id=167"},"modified":"2024-04-02T11:54:25","modified_gmt":"2024-04-02T11:54:25","slug":"contact","status":"publish","type":"page","link":"https:\/\/legrandhoteldethies.com\/en\/contact\/","title":{"rendered":"Contact"},"content":{"rendered":"<div data-elementor-type=\"wp-post\" data-elementor-id=\"4854\" class=\"elementor elementor-4854\">\n\t\t\t\t\t\t\t\t\t<section class=\"elementor-section elementor-top-section elementor-element elementor-element-9diqe2l elementor-section-full_width elementor-section-height-min-height elementor-section-height-default elementor-section-items-middle\" data-id=\"9diqe2l\" data-element_type=\"section\" data-settings=\"{&quot;background_background&quot;:&quot;classic&quot;}\">\n\t\t\t\t\t\t\t<div class=\"elementor-background-overlay\"><\/div>\n\t\t\t\t\t\t\t<div class=\"elementor-container elementor-column-gap-no\">\n\t\t\t\t\t<div class=\"elementor-column elementor-col-100 elementor-top-column elementor-element elementor-element-euwlt2i\" data-id=\"euwlt2i\" data-element_type=\"column\">\n\t\t\t<div class=\"elementor-widget-wrap elementor-element-populated\">\n\t\t\t\t\t\t\t\t<div class=\"elementor-element elementor-element-2e96c4e elementor-widget elementor-widget-spacer\" data-id=\"2e96c4e\" data-element_type=\"widget\" data-widget_type=\"spacer.default\">\n\t\t\t\t<div class=\"elementor-widget-container\">\n\t\t\t\t\t<div class=\"elementor-spacer\">\n\t\t\t<div class=\"elementor-spacer-inner\"><\/div>\n\t\t<\/div>\n\t\t\t\t<\/div>\n\t\t\t\t<\/div>\n\t\t\t\t<div class=\"elementor-element elementor-element-90574ce elementor-view-default elementor-position-top elementor-widget elementor-widget-themo-header\" data-id=\"90574ce\" data-element_type=\"widget\" data-widget_type=\"themo-header.default\">\n\t\t\t\t<div class=\"elementor-widget-container\">\n\t\t\t\t\t<div class=\"th-header-wrap\">\n        <div class=\"elementor-icon-box-wrapper\">\n                            <div class=\"elementor-icon-box-content\">\n                    <h1 class=\"elementor-icon-box-title\">\n                        CONTACT                    <\/h1>\n                                        <p class=\"elementor-icon-box-description\"><\/p>\n\n                                    <\/div>\n            <\/div>\n\n        <\/div>\n\n\t\t\t\t<\/div>\n\t\t\t\t<\/div>\n\t\t\t\t\t<\/div>\n\t\t<\/div>\n\t\t\t\t\t\t\t<\/div>\n\t\t<\/section>\n\t\t\t\t<section class=\"elementor-section elementor-top-section elementor-element elementor-element-qgk6sn0 elementor-section-boxed elementor-section-height-default elementor-section-height-default\" data-id=\"qgk6sn0\" data-element_type=\"section\" data-settings=\"{&quot;background_background&quot;:&quot;classic&quot;}\">\n\t\t\t\t\t\t<div class=\"elementor-container elementor-column-gap-default\">\n\t\t\t\t\t<div class=\"elementor-column elementor-col-100 elementor-top-column elementor-element elementor-element-uaw4tj7\" data-id=\"uaw4tj7\" data-element_type=\"column\">\n\t\t\t<div class=\"elementor-widget-wrap\">\n\t\t\t\t\t\t\t\t\t<\/div>\n\t\t<\/div>\n\t\t\t\t\t\t\t<\/div>\n\t\t<\/section>\n\t\t\t\t<section class=\"elementor-section elementor-top-section elementor-element elementor-element-o7twky5 elementor-section-boxed elementor-section-height-default elementor-section-height-default\" data-id=\"o7twky5\" data-element_type=\"section\">\n\t\t\t\t\t\t<div class=\"elementor-container elementor-column-gap-extended\">\n\t\t\t\t\t<div class=\"elementor-column elementor-col-50 elementor-top-column elementor-element elementor-element-xcn0qg2\" data-id=\"xcn0qg2\" data-element_type=\"column\">\n\t\t\t<div class=\"elementor-widget-wrap elementor-element-populated\">\n\t\t\t\t\t\t\t\t<div class=\"elementor-element elementor-element-ewkxetx elementor-position-left elementor-view-default elementor-widget elementor-widget-themo-service-block\" data-id=\"ewkxetx\" data-element_type=\"widget\" data-widget_type=\"themo-service-block.default\">\n\t\t\t\t<div class=\"elementor-widget-container\">\n\t\t\t\t\t<div class=\"th-service-block-w\">\n            <div class=\"elementor-icon-box-wrapper th-show-icon\">\n                                    <div class=\"elementor-icon-box-icon th-icon-size-sm\">\n                        <span class=\"elementor-icon\" >\n                            <i aria-hidden=\"true\" class=\"fasth-linea icon-basic-smartphone\"><\/i>                        <\/span>\n                    <\/div>\n                                <div class=\"elementor-icon-box-content\">\n                    <h4 class=\"elementor-icon-box-title\">\n                        <span >Phone Number<\/span>\n                    <\/h4>\n                    <p class=\"elementor-icon-box-description\"><a href=\"tel:339510098\">+221 33 951 00 98<\/a><\/p>\n                <\/div>\n            <\/div>\n\n        <\/div>\n\n\t\t\t\t<\/div>\n\t\t\t\t<\/div>\n\t\t\t\t<div class=\"elementor-element elementor-element-chif2hj elementor-widget elementor-widget-spacer\" data-id=\"chif2hj\" data-element_type=\"widget\" data-widget_type=\"spacer.default\">\n\t\t\t\t<div class=\"elementor-widget-container\">\n\t\t\t\t\t<div class=\"elementor-spacer\">\n\t\t\t<div class=\"elementor-spacer-inner\"><\/div>\n\t\t<\/div>\n\t\t\t\t<\/div>\n\t\t\t\t<\/div>\n\t\t\t\t<div class=\"elementor-element elementor-element-pinzlyz elementor-position-left elementor-view-default elementor-widget elementor-widget-themo-service-block\" data-id=\"pinzlyz\" data-element_type=\"widget\" data-widget_type=\"themo-service-block.default\">\n\t\t\t\t<div class=\"elementor-widget-container\">\n\t\t\t\t\t<div class=\"th-service-block-w\">\n            <div class=\"elementor-icon-box-wrapper th-show-icon\">\n                                    <div class=\"elementor-icon-box-icon th-icon-size-sm\">\n                        <span class=\"elementor-icon\" >\n                            <i aria-hidden=\"true\" class=\"fasth-linea icon-basic-mail\"><\/i>                        <\/span>\n                    <\/div>\n                                <div class=\"elementor-icon-box-content\">\n                    <h4 class=\"elementor-icon-box-title\">\n                        <span >Email<\/span>\n                    <\/h4>\n                    <p class=\"elementor-icon-box-description\"><a href=\"mailto:reservation@legrandhoteldethies.com\">reservation@legrandhoteldethies.com<\/a><\/p>\n                <\/div>\n            <\/div>\n\n        <\/div>\n\n\t\t\t\t<\/div>\n\t\t\t\t<\/div>\n\t\t\t\t<div class=\"elementor-element elementor-element-5p7axkt elementor-widget elementor-widget-spacer\" data-id=\"5p7axkt\" data-element_type=\"widget\" data-widget_type=\"spacer.default\">\n\t\t\t\t<div class=\"elementor-widget-container\">\n\t\t\t\t\t<div class=\"elementor-spacer\">\n\t\t\t<div class=\"elementor-spacer-inner\"><\/div>\n\t\t<\/div>\n\t\t\t\t<\/div>\n\t\t\t\t<\/div>\n\t\t\t\t<div class=\"elementor-element elementor-element-kfel6yx elementor-position-left elementor-view-default elementor-widget elementor-widget-themo-service-block\" data-id=\"kfel6yx\" data-element_type=\"widget\" data-widget_type=\"themo-service-block.default\">\n\t\t\t\t<div class=\"elementor-widget-container\">\n\t\t\t\t\t<div class=\"th-service-block-w\">\n            <div class=\"elementor-icon-box-wrapper th-show-icon\">\n                                    <div class=\"elementor-icon-box-icon th-icon-size-sm\">\n                        <span class=\"elementor-icon\" >\n                            <i aria-hidden=\"true\" class=\"fasth-trip travelpack-location-pin-1\"><\/i>                        <\/span>\n                    <\/div>\n                                <div class=\"elementor-icon-box-content\">\n                    <h4 class=\"elementor-icon-box-title\">\n                        <span >Location<\/span>\n                    <\/h4>\n                    <p class=\"elementor-icon-box-description\"><a href=\"https:\/\/goo.gl\/maps\/wUFuWkzaFfNZHm2E9\">Rue de Verdun, Thi\u00e8s, S\u00e9n\u00e9gal<\/a><\/p>\n                <\/div>\n            <\/div>\n\n        <\/div>\n\n\t\t\t\t<\/div>\n\t\t\t\t<\/div>\n\t\t\t\t<div class=\"elementor-element elementor-element-nmrl6i8 elementor-widget elementor-widget-spacer\" data-id=\"nmrl6i8\" data-element_type=\"widget\" data-widget_type=\"spacer.default\">\n\t\t\t\t<div class=\"elementor-widget-container\">\n\t\t\t\t\t<div class=\"elementor-spacer\">\n\t\t\t<div class=\"elementor-spacer-inner\"><\/div>\n\t\t<\/div>\n\t\t\t\t<\/div>\n\t\t\t\t<\/div>\n\t\t\t\t\t<\/div>\n\t\t<\/div>\n\t\t\t\t<div class=\"elementor-column elementor-col-50 elementor-top-column elementor-element elementor-element-mfjhgsy\" data-id=\"mfjhgsy\" data-element_type=\"column\">\n\t\t\t<div class=\"elementor-widget-wrap\">\n\t\t\t\t\t\t\t\t\t<\/div>\n\t\t<\/div>\n\t\t\t\t\t\t\t<\/div>\n\t\t<\/section>\n\t\t\t\t\t\t\t<\/div>","protected":false},"excerpt":{"rendered":"<p>CONTACT Num\u00e9ro de T\u00e9l\u00e9phone +221 33 951 00 98 Email reservation@legrandhoteldethies.com Localisation Rue de Verdun, Thi\u00e8s, S\u00e9n\u00e9gal<\/p>","protected":false},"author":1,"featured_media":0,"parent":0,"menu_order":28,"comment_status":"closed","ping_status":"closed","template":"","meta":{"footnotes":""},"class_list":["post-4854","page","type-page","status-publish","hentry"],"yoast_head":"<!-- This site is optimized with the Yoast SEO Premium plugin v24.0 (Yoast SEO v24.0) - https:\/\/yoast.com\/wordpress\/plugins\/seo\/ -->\n<title>R\u00e9servez d\u00e8s maintenant au grand h\u00f4tel de Thi\u00e8s - Le Grand H\u00f4tel de Thi\u00e8s<\/title>\n<meta name=\"description\" content=\"Contactez le grand h\u00f4tel de Thi\u00e8s pour r\u00e9server votre s\u00e9jour. Profitez d&#039;un service de qualit\u00e9 et d&#039;un cadre exceptionnel.\" \/>\n<meta name=\"robots\" content=\"index, follow, max-snippet:-1, max-image-preview:large, max-video-preview:-1\" \/>\n<link rel=\"canonical\" href=\"https:\/\/legrandhoteldethies.com\/en\/contact\/\" \/>\n<meta property=\"og:locale\" content=\"en_GB\" \/>\n<meta property=\"og:type\" content=\"article\" \/>\n<meta property=\"og:title\" content=\"Contact\" \/>\n<meta property=\"og:description\" content=\"Contactez le grand h\u00f4tel de Thi\u00e8s pour r\u00e9server votre s\u00e9jour. Profitez d&#039;un service de qualit\u00e9 et d&#039;un cadre exceptionnel.\" \/>\n<meta property=\"og:url\" content=\"https:\/\/legrandhoteldethies.com\/en\/contact\/\" \/>\n<meta property=\"og:site_name\" content=\"Le Grand H\u00f4tel de Thi\u00e8s\" \/>\n<meta property=\"article:publisher\" content=\"https:\/\/www.facebook.com\/legrandhoteldethies\/\" \/>\n<meta property=\"article:modified_time\" content=\"2024-04-02T11:54:25+00:00\" \/>\n<meta property=\"og:image\" content=\"https:\/\/legrandhoteldethies.com\/wp-content\/uploads\/2023\/08\/CAP06170-scaled.jpg\" \/>\n\t<meta property=\"og:image:width\" content=\"2560\" \/>\n\t<meta property=\"og:image:height\" content=\"1781\" \/>\n\t<meta property=\"og:image:type\" content=\"image\/jpeg\" \/>\n<meta name=\"twitter:card\" content=\"summary_large_image\" \/>\n<meta name=\"twitter:label1\" content=\"Estimated reading time\" \/>\n\t<meta name=\"twitter:data1\" content=\"1 minute\" \/>\n<script type=\"application\/ld+json\" class=\"yoast-schema-graph\">{\"@context\":\"https:\/\/schema.org\",\"@graph\":[{\"@type\":\"WebPage\",\"@id\":\"https:\/\/legrandhoteldethies.com\/contact\/\",\"url\":\"https:\/\/legrandhoteldethies.com\/contact\/\",\"name\":\"R\u00e9servez d\u00e8s maintenant au grand h\u00f4tel de Thi\u00e8s - Le Grand H\u00f4tel de Thi\u00e8s\",\"isPartOf\":{\"@id\":\"https:\/\/legrandhoteldethies.com\/#website\"},\"datePublished\":\"2017-05-31T05:05:41+00:00\",\"dateModified\":\"2024-04-02T11:54:25+00:00\",\"description\":\"Contactez le grand h\u00f4tel de Thi\u00e8s pour r\u00e9server votre s\u00e9jour. Profitez d'un service de qualit\u00e9 et d'un cadre exceptionnel.\",\"breadcrumb\":{\"@id\":\"https:\/\/legrandhoteldethies.com\/contact\/#breadcrumb\"},\"inLanguage\":\"en-GB\",\"potentialAction\":[{\"@type\":\"ReadAction\",\"target\":[\"https:\/\/legrandhoteldethies.com\/contact\/\"]}]},{\"@type\":\"BreadcrumbList\",\"@id\":\"https:\/\/legrandhoteldethies.com\/contact\/#breadcrumb\",\"itemListElement\":[{\"@type\":\"ListItem\",\"position\":1,\"name\":\"Accueil\",\"item\":\"https:\/\/legrandhoteldethies.com\/\"},{\"@type\":\"ListItem\",\"position\":2,\"name\":\"Contact\"}]},{\"@type\":\"WebSite\",\"@id\":\"https:\/\/legrandhoteldethies.com\/#website\",\"url\":\"https:\/\/legrandhoteldethies.com\/\",\"name\":\"Le Grand H\u00f4tel de Thi\u00e8s\",\"description\":\"H\u00f4tel et Restaurant \u00e0 Thi\u00e8s\",\"publisher\":{\"@id\":\"https:\/\/legrandhoteldethies.com\/#organization\"},\"alternateName\":\"GHDT\",\"potentialAction\":[{\"@type\":\"SearchAction\",\"target\":{\"@type\":\"EntryPoint\",\"urlTemplate\":\"https:\/\/legrandhoteldethies.com\/?s={search_term_string}\"},\"query-input\":{\"@type\":\"PropertyValueSpecification\",\"valueRequired\":true,\"valueName\":\"search_term_string\"}}],\"inLanguage\":\"en-GB\"},{\"@type\":\"Organization\",\"@id\":\"https:\/\/legrandhoteldethies.com\/#organization\",\"name\":\"Le Grand H\u00f4tel de Thi\u00e8s\",\"alternateName\":\"GHDT\",\"url\":\"https:\/\/legrandhoteldethies.com\/\",\"logo\":{\"@type\":\"ImageObject\",\"inLanguage\":\"en-GB\",\"@id\":\"https:\/\/legrandhoteldethies.com\/#\/schema\/logo\/image\/\",\"url\":\"https:\/\/legrandhoteldethies.com\/wp-content\/uploads\/2023\/08\/logo.png\",\"contentUrl\":\"https:\/\/legrandhoteldethies.com\/wp-content\/uploads\/2023\/08\/logo.png\",\"width\":2560,\"height\":2078,\"caption\":\"Le Grand H\u00f4tel de Thi\u00e8s\"},\"image\":{\"@id\":\"https:\/\/legrandhoteldethies.com\/#\/schema\/logo\/image\/\"},\"sameAs\":[\"https:\/\/www.facebook.com\/legrandhoteldethies\/\",\"https:\/\/www.instagram.com\/legrandhotelthies\/\"]}]}<\/script>\n<!-- \/ Yoast SEO Premium plugin. -->","yoast_head_json":{"title":"R\u00e9servez d\u00e8s maintenant au grand h\u00f4tel de Thi\u00e8s - Le Grand H\u00f4tel de Thi\u00e8s","description":"Contactez le grand h\u00f4tel de Thi\u00e8s pour r\u00e9server votre s\u00e9jour. Profitez d'un service de qualit\u00e9 et d'un cadre exceptionnel.","robots":{"index":"index","follow":"follow","max-snippet":"max-snippet:-1","max-image-preview":"max-image-preview:large","max-video-preview":"max-video-preview:-1"},"canonical":"https:\/\/legrandhoteldethies.com\/en\/contact\/","og_locale":"en_GB","og_type":"article","og_title":"Contact","og_description":"Contactez le grand h\u00f4tel de Thi\u00e8s pour r\u00e9server votre s\u00e9jour. Profitez d'un service de qualit\u00e9 et d'un cadre exceptionnel.","og_url":"https:\/\/legrandhoteldethies.com\/en\/contact\/","og_site_name":"Le Grand H\u00f4tel de Thi\u00e8s","article_publisher":"https:\/\/www.facebook.com\/legrandhoteldethies\/","article_modified_time":"2024-04-02T11:54:25+00:00","og_image":[{"width":2560,"height":1781,"url":"https:\/\/legrandhoteldethies.com\/wp-content\/uploads\/2023\/08\/CAP06170-scaled.jpg","type":"image\/jpeg"}],"twitter_card":"summary_large_image","twitter_misc":{"Estimated reading time":"1 minute"},"schema":{"@context":"https:\/\/schema.org","@graph":[{"@type":"WebPage","@id":"https:\/\/legrandhoteldethies.com\/contact\/","url":"https:\/\/legrandhoteldethies.com\/contact\/","name":"R\u00e9servez d\u00e8s maintenant au grand h\u00f4tel de Thi\u00e8s - Le Grand H\u00f4tel de Thi\u00e8s","isPartOf":{"@id":"https:\/\/legrandhoteldethies.com\/#website"},"datePublished":"2017-05-31T05:05:41+00:00","dateModified":"2024-04-02T11:54:25+00:00","description":"Contactez le grand h\u00f4tel de Thi\u00e8s pour r\u00e9server votre s\u00e9jour. Profitez d'un service de qualit\u00e9 et d'un cadre exceptionnel.","breadcrumb":{"@id":"https:\/\/legrandhoteldethies.com\/contact\/#breadcrumb"},"inLanguage":"en-GB","potentialAction":[{"@type":"ReadAction","target":["https:\/\/legrandhoteldethies.com\/contact\/"]}]},{"@type":"BreadcrumbList","@id":"https:\/\/legrandhoteldethies.com\/contact\/#breadcrumb","itemListElement":[{"@type":"ListItem","position":1,"name":"Accueil","item":"https:\/\/legrandhoteldethies.com\/"},{"@type":"ListItem","position":2,"name":"Contact"}]},{"@type":"WebSite","@id":"https:\/\/legrandhoteldethies.com\/#website","url":"https:\/\/legrandhoteldethies.com\/","name":"Le Grand H\u00f4tel de Thi\u00e8s","description":"H\u00f4tel et Restaurant \u00e0 Thi\u00e8s","publisher":{"@id":"https:\/\/legrandhoteldethies.com\/#organization"},"alternateName":"GHDT","potentialAction":[{"@type":"SearchAction","target":{"@type":"EntryPoint","urlTemplate":"https:\/\/legrandhoteldethies.com\/?s={search_term_string}"},"query-input":{"@type":"PropertyValueSpecification","valueRequired":true,"valueName":"search_term_string"}}],"inLanguage":"en-GB"},{"@type":"Organization","@id":"https:\/\/legrandhoteldethies.com\/#organization","name":"Le Grand H\u00f4tel de Thi\u00e8s","alternateName":"GHDT","url":"https:\/\/legrandhoteldethies.com\/","logo":{"@type":"ImageObject","inLanguage":"en-GB","@id":"https:\/\/legrandhoteldethies.com\/#\/schema\/logo\/image\/","url":"https:\/\/legrandhoteldethies.com\/wp-content\/uploads\/2023\/08\/logo.png","contentUrl":"https:\/\/legrandhoteldethies.com\/wp-content\/uploads\/2023\/08\/logo.png","width":2560,"height":2078,"caption":"Le Grand H\u00f4tel de Thi\u00e8s"},"image":{"@id":"https:\/\/legrandhoteldethies.com\/#\/schema\/logo\/image\/"},"sameAs":["https:\/\/www.facebook.com\/legrandhoteldethies\/","https:\/\/www.instagram.com\/legrandhotelthies\/"]}]}},"_links":{"self":[{"href":"https:\/\/legrandhoteldethies.com\/en\/wp-json\/wp\/v2\/pages\/4854","targetHints":{"allow":["GET"]}}],"collection":[{"href":"https:\/\/legrandhoteldethies.com\/en\/wp-json\/wp\/v2\/pages"}],"about":[{"href":"https:\/\/legrandhoteldethies.com\/en\/wp-json\/wp\/v2\/types\/page"}],"author":[{"embeddable":true,"href":"https:\/\/legrandhoteldethies.com\/en\/wp-json\/wp\/v2\/users\/1"}],"replies":[{"embeddable":true,"href":"https:\/\/legrandhoteldethies.com\/en\/wp-json\/wp\/v2\/comments?post=4854"}],"version-history":[{"count":43,"href":"https:\/\/legrandhoteldethies.com\/en\/wp-json\/wp\/v2\/pages\/4854\/revisions"}],"predecessor-version":[{"id":6148,"href":"https:\/\/legrandhoteldethies.com\/en\/wp-json\/wp\/v2\/pages\/4854\/revisions\/6148"}],"wp:attachment":[{"href":"https:\/\/legrandhoteldethies.com\/en\/wp-json\/wp\/v2\/media?parent=4854"}],"curies":[{"name":"wp","href":"https:\/\/api.w.org\/{rel}","templated":true}]}}