{"id":5277,"date":"2023-08-28T11:55:53","date_gmt":"2023-08-28T11:55:53","guid":{"rendered":"https:\/\/legrandhoteldethies.com\/?page_id=5277"},"modified":"2024-04-02T11:13:33","modified_gmt":"2024-04-02T11:13:33","slug":"hotel","status":"publish","type":"page","link":"https:\/\/legrandhoteldethies.com\/en\/hotel\/","title":{"rendered":"Hotel"},"content":{"rendered":"<div data-elementor-type=\"wp-page\" data-elementor-id=\"5277\" class=\"elementor elementor-5277\">\n\t\t\t\t\t\t\t\t\t<section class=\"elementor-section elementor-top-section elementor-element elementor-element-8d0863b elementor-section-full_width elementor-section-height-min-height elementor-section-height-default elementor-section-items-middle\" data-id=\"8d0863b\" data-element_type=\"section\" data-settings=\"{&quot;background_background&quot;:&quot;classic&quot;}\">\n\t\t\t\t\t\t\t<div class=\"elementor-background-overlay\"><\/div>\n\t\t\t\t\t\t\t<div class=\"elementor-container elementor-column-gap-default\">\n\t\t\t\t\t<div class=\"elementor-column elementor-col-100 elementor-top-column elementor-element elementor-element-9f48520\" data-id=\"9f48520\" data-element_type=\"column\">\n\t\t\t<div class=\"elementor-widget-wrap elementor-element-populated\">\n\t\t\t\t\t\t\t\t<div class=\"elementor-element elementor-element-ceefffb elementor-widget elementor-widget-spacer\" data-id=\"ceefffb\" data-element_type=\"widget\" data-widget_type=\"spacer.default\">\n\t\t\t\t<div class=\"elementor-widget-container\">\n\t\t\t\t\t<div class=\"elementor-spacer\">\n\t\t\t<div class=\"elementor-spacer-inner\"><\/div>\n\t\t<\/div>\n\t\t\t\t<\/div>\n\t\t\t\t<\/div>\n\t\t\t\t<div class=\"elementor-element elementor-element-2f5b56f elementor-view-default elementor-position-top elementor-invisible elementor-widget elementor-widget-themo-header\" data-id=\"2f5b56f\" data-element_type=\"widget\" data-settings=\"{&quot;_animation&quot;:&quot;fadeIn&quot;}\" data-widget_type=\"themo-header.default\">\n\t\t\t\t<div class=\"elementor-widget-container\">\n\t\t\t\t\t<div class=\"th-header-wrap\">\n        <div class=\"elementor-icon-box-wrapper\">\n                            <div class=\"elementor-icon-box-content\">\n                    <h1 class=\"elementor-icon-box-title\">\n                        Hotel                    <\/h1>\n                                        <p class=\"elementor-icon-box-description\"><\/p>\n\n                                    <\/div>\n            <\/div>\n\n        <\/div>\n\n\t\t\t\t<\/div>\n\t\t\t\t<\/div>\n\t\t\t\t\t<\/div>\n\t\t<\/div>\n\t\t\t\t\t\t\t<\/div>\n\t\t<\/section>\n\t\t\t\t<section class=\"elementor-section elementor-top-section elementor-element elementor-element-184e323 elementor-section-boxed elementor-section-height-default elementor-section-height-default\" data-id=\"184e323\" data-element_type=\"section\" data-settings=\"{&quot;background_background&quot;:&quot;classic&quot;}\">\n\t\t\t\t\t\t<div class=\"elementor-container elementor-column-gap-default\">\n\t\t\t\t\t<div class=\"elementor-column elementor-col-100 elementor-top-column elementor-element elementor-element-0295312\" data-id=\"0295312\" data-element_type=\"column\">\n\t\t\t<div class=\"elementor-widget-wrap elementor-element-populated\">\n\t\t\t\t\t\t\t\t<div class=\"elementor-element elementor-element-3f7b324 elementor-widget elementor-widget-spacer\" data-id=\"3f7b324\" data-element_type=\"widget\" data-widget_type=\"spacer.default\">\n\t\t\t\t<div class=\"elementor-widget-container\">\n\t\t\t\t\t<div class=\"elementor-spacer\">\n\t\t\t<div class=\"elementor-spacer-inner\"><\/div>\n\t\t<\/div>\n\t\t\t\t<\/div>\n\t\t\t\t<\/div>\n\t\t\t\t<div class=\"elementor-element elementor-element-8e2a7d6 elementor-view-default elementor-position-top elementor-widget elementor-widget-themo-header\" data-id=\"8e2a7d6\" data-element_type=\"widget\" data-widget_type=\"themo-header.default\">\n\t\t\t\t<div class=\"elementor-widget-container\">\n\t\t\t\t\t<div class=\"th-header-wrap\">\n        <div class=\"elementor-icon-box-wrapper\">\n                            <div class=\"elementor-icon-box-content\">\n                    <h2 class=\"elementor-icon-box-title\">\n                        OUR BEDROOMS                    <\/h2>\n                                            <span class=\"th-header-divider\"><\/span>\n                                        <p class=\"elementor-icon-box-description\"><\/p>\n\n                                    <\/div>\n            <\/div>\n\n        <\/div>\n\n\t\t\t\t<\/div>\n\t\t\t\t<\/div>\n\t\t\t\t<div class=\"elementor-element elementor-element-2b7bed3 elementor-widget elementor-widget-spacer\" data-id=\"2b7bed3\" data-element_type=\"widget\" data-widget_type=\"spacer.default\">\n\t\t\t\t<div class=\"elementor-widget-container\">\n\t\t\t\t\t<div class=\"elementor-spacer\">\n\t\t\t<div class=\"elementor-spacer-inner\"><\/div>\n\t\t<\/div>\n\t\t\t\t<\/div>\n\t\t\t\t<\/div>\n\t\t\t\t<div class=\"elementor-element elementor-element-01f5994 elementor-widget elementor-widget-themo-accommodation-grid\" data-id=\"01f5994\" data-element_type=\"widget\" data-widget_type=\"themo-accommodation-grid.default\">\n\t\t\t\t<div class=\"elementor-widget-container\">\n\t\t\t\n                <div id=\"th-portfolio-content-69d7695f0b7d3\" class=\"th-portfolio\">\n\n            \n            <div id=\"th-portfolio-row\" class=\"th-portfolio-row row portfolio_content  two-columns th-port-gutter th-port-style-2 display-flex\">\n\n                                        <div id=\"post-5163\" class=\"th-portfolio-item item col-sm-6 p-standard post-5163 mphb_room_type type-mphb_room_type status-publish format-standard has-post-thumbnail hentry mphb_room_type_category-standard mphb_room_type_facility-bureau-grand-placards mphb_room_type_facility-climatisation-centrale mphb_room_type_facility-coffre-fort mphb_room_type_facility-connexion-internet-haut-debit-a-travers-tout-lhote mphb_room_type_facility-des-fenetres-a-double-vitrage mphb_room_type_facility-minibar mphb_room_type_facility-salle-de-bain-avec-cabine-de-douche-un-bidet-et-un-seche-cheveux mphb_room_type_facility-telephone mphb_room_type_facility-tv-en-hd-avec-chaines-satellites mphb-room-type-adults-2 mphb-room-type-children-0\">\n\n                                                        <div class=\"th-port-card th-port-card-default\">\n                                <a href=\"https:\/\/legrandhoteldethies.com\/en\/accommodation\/standard\/\" class=\"th-port-card-link\" >                                <span class=\"th-port-card-img\">\n                                                            <img fetchpriority=\"high\" decoding=\"async\" width=\"605\" height=\"465\" src=\"https:\/\/legrandhoteldethies.com\/wp-content\/uploads\/2023\/08\/CAP06525-605x465.jpg\" class=\"img-responsive th-port-img wp-post-image\" alt=\"Chambre, Le Grand H\u00f4tel de Thi\u00e8s, S\u00e9n\u00e9gal\" \/>                                                                    <div class=\"th-port-card-caption th-pricing-cost\"><p>51.000 FCFA\/nuit<\/p><\/div>                                    <\/span>\n                                    <span class=\"th-port-card-body\">\n                                      <h3 class=\"th-port-title\">Standard<\/h3>\n                                      <p class=\"th-port-sub th-auto-off\">Standard Voir Plus&hellip;<\/p>\n                                    <\/span>\n                                    <\/a>\n                                <\/div>\n\n                                                        <\/div>\n                                                <div id=\"post-5111\" class=\"th-portfolio-item item col-sm-6 p-superieure post-5111 mphb_room_type type-mphb_room_type status-publish format-standard has-post-thumbnail hentry mphb_room_type_category-superieure mphb_room_type_facility-bureau-grand-placards mphb_room_type_facility-climatisation-centrale mphb_room_type_facility-coffre-fort mphb_room_type_facility-connexion-internet-haut-debit-a-travers-tout-lhote mphb_room_type_facility-des-fenetres-a-double-vitrage mphb_room_type_facility-minibar mphb_room_type_facility-salle-de-bain-avec-cabine-de-douche-un-bidet-et-un-seche-cheveux mphb_room_type_facility-telephone mphb_room_type_facility-tv-en-hd-avec-chaines-satellites mphb-room-type-adults-2 mphb-room-type-children-0\">\n\n                                                        <div class=\"th-port-card th-port-card-default\">\n                                <a href=\"https:\/\/legrandhoteldethies.com\/en\/accommodation\/superieure\/\" class=\"th-port-card-link\" >                                <span class=\"th-port-card-img\">\n                                                            <img decoding=\"async\" width=\"605\" height=\"465\" src=\"https:\/\/legrandhoteldethies.com\/wp-content\/uploads\/2023\/08\/CAP06330-min-scaled-1-605x465.jpg\" class=\"img-responsive th-port-img wp-post-image\" alt=\"Chambre, Le Grand H\u00f4tel de Thi\u00e8s, S\u00e9n\u00e9gal\" \/>                                                                    <div class=\"th-port-card-caption th-pricing-cost\"><p>66.000 FCFA\/nuit<\/p><\/div>                                    <\/span>\n                                    <span class=\"th-port-card-body\">\n                                      <h3 class=\"th-port-title\">Superior<\/h3>\n                                      <p class=\"th-port-sub th-auto-off\">Sup\u00e9rieure Voir Plus&hellip;<\/p>\n                                    <\/span>\n                                    <\/a>\n                                <\/div>\n\n                                                        <\/div>\n                                                <div id=\"post-5080\" class=\"th-portfolio-item item col-sm-6 p-prestige post-5080 mphb_room_type type-mphb_room_type status-publish format-standard has-post-thumbnail hentry mphb_room_type_category-prestige mphb_room_type_facility-bureau-grand-placards mphb_room_type_facility-climatisation-centrale mphb_room_type_facility-coffre-fort mphb_room_type_facility-connexion-internet-haut-debit-a-travers-tout-lhote mphb_room_type_facility-des-fenetres-a-double-vitrage mphb_room_type_facility-minibar mphb_room_type_facility-salle-de-bain-avec-cabine-de-douche-un-bidet-et-un-seche-cheveux mphb_room_type_facility-telephone mphb_room_type_facility-tv-en-hd-avec-chaines-satellites mphb-room-type-adults-2 mphb-room-type-children-0\">\n\n                                                        <div class=\"th-port-card th-port-card-default\">\n                                <a href=\"https:\/\/legrandhoteldethies.com\/en\/accommodation\/prestige\/\" class=\"th-port-card-link\" >                                <span class=\"th-port-card-img\">\n                                                            <img decoding=\"async\" width=\"605\" height=\"465\" src=\"https:\/\/legrandhoteldethies.com\/wp-content\/uploads\/2023\/08\/CAP06550-min-scaled-1-e1696248971338-1-605x465.jpg\" class=\"img-responsive th-port-img wp-post-image\" alt=\"Chambre, Le Grand H\u00f4tel de Thi\u00e8s, S\u00e9n\u00e9gal\" \/>                                                                    <div class=\"th-port-card-caption th-pricing-cost\"><p>71.000 FCFA\/nuit<\/p><\/div>                                    <\/span>\n                                    <span class=\"th-port-card-body\">\n                                      <h3 class=\"th-port-title\">Prestige<\/h3>\n                                      <p class=\"th-port-sub th-auto-off\">Prestige Voir Plus&hellip;<\/p>\n                                    <\/span>\n                                    <\/a>\n                                <\/div>\n\n                                                        <\/div>\n                                                <div id=\"post-4932\" class=\"th-portfolio-item item col-sm-6 p-suite post-4932 mphb_room_type type-mphb_room_type status-publish format-standard has-post-thumbnail hentry mphb_room_type_category-suite mphb_room_type_facility-bureau-grand-placards mphb_room_type_facility-climatisation-centrale mphb_room_type_facility-coffre-fort mphb_room_type_facility-connexion-internet-haut-debit-a-travers-tout-lhote mphb_room_type_facility-des-fenetres-a-double-vitrage mphb_room_type_facility-minibar mphb_room_type_facility-salle-de-bain-avec-cabine-de-douche-un-bidet-et-un-seche-cheveux mphb_room_type_facility-telephone mphb_room_type_facility-tv-en-hd-avec-chaines-satellites mphb-room-type-adults-2 mphb-room-type-children-0\">\n\n                                                        <div class=\"th-port-card th-port-card-default\">\n                                <a href=\"https:\/\/legrandhoteldethies.com\/en\/accommodation\/suite\/\" class=\"th-port-card-link\" >                                <span class=\"th-port-card-img\">\n                                                            <img loading=\"lazy\" decoding=\"async\" width=\"605\" height=\"465\" src=\"https:\/\/legrandhoteldethies.com\/wp-content\/uploads\/2023\/08\/CAP06437-605x465.jpg\" class=\"img-responsive th-port-img wp-post-image\" alt=\"Chambre, Le Grand H\u00f4tel de Thi\u00e8s, S\u00e9n\u00e9gal\" \/>                                                                    <div class=\"th-port-card-caption th-pricing-cost\"><p>101.000 FCFA\/nuit<\/p><\/div>                                    <\/span>\n                                    <span class=\"th-port-card-body\">\n                                      <h3 class=\"th-port-title\">Suite<\/h3>\n                                      <p class=\"th-port-sub th-auto-off\">SUITE Voir Plus&hellip;<\/p>\n                                    <\/span>\n                                    <\/a>\n                                <\/div>\n\n                                                        <\/div>\n                        \n            <\/div>\n\n        <\/div>\n\n        \t\t<\/div>\n\t\t\t\t<\/div>\n\t\t\t\t<div class=\"elementor-element elementor-element-fcbebda elementor-widget elementor-widget-spacer\" data-id=\"fcbebda\" data-element_type=\"widget\" data-widget_type=\"spacer.default\">\n\t\t\t\t<div class=\"elementor-widget-container\">\n\t\t\t\t\t<div class=\"elementor-spacer\">\n\t\t\t<div class=\"elementor-spacer-inner\"><\/div>\n\t\t<\/div>\n\t\t\t\t<\/div>\n\t\t\t\t<\/div>\n\t\t\t\t\t<\/div>\n\t\t<\/div>\n\t\t\t\t\t\t\t<\/div>\n\t\t<\/section>\n\t\t\t\t\t\t\t<\/div>","protected":false},"excerpt":{"rendered":"<p>H\u00f4tel NOS CHAMBRES&hellip;<\/p>","protected":false},"author":1,"featured_media":0,"parent":0,"menu_order":0,"comment_status":"closed","ping_status":"closed","template":"","meta":{"footnotes":""},"class_list":["post-5277","page","type-page","status-publish","hentry"],"yoast_head":"<!-- This site is optimized with the Yoast SEO Premium plugin v24.0 (Yoast SEO v24.0) - https:\/\/yoast.com\/wordpress\/plugins\/seo\/ -->\n<title>R\u00e9servez votre S\u00e9jour \u00e0 l&#039;H\u00f4tel \u00e0 Thi\u00e8s S\u00e9n\u00e9gal - Le Grand H\u00f4tel de Thi\u00e8s<\/title>\n<meta name=\"description\" content=\"Trouvez le meilleur h\u00f4tel \u00e0 Thi\u00e8s, S\u00e9n\u00e9gal. R\u00e9servez votre s\u00e9jour dans un \u00e9tablissement de qualit\u00e9 pour un s\u00e9jour vraiment agr\u00e9able.\" \/>\n<meta name=\"robots\" content=\"index, follow, max-snippet:-1, max-image-preview:large, max-video-preview:-1\" \/>\n<link rel=\"canonical\" href=\"https:\/\/legrandhoteldethies.com\/en\/hotel\/\" \/>\n<meta property=\"og:locale\" content=\"en_GB\" \/>\n<meta property=\"og:type\" content=\"article\" \/>\n<meta property=\"og:title\" content=\"H\u00f4tel\" \/>\n<meta property=\"og:description\" content=\"Trouvez le meilleur h\u00f4tel \u00e0 Thi\u00e8s, S\u00e9n\u00e9gal. R\u00e9servez votre s\u00e9jour dans un \u00e9tablissement de qualit\u00e9 pour un s\u00e9jour vraiment agr\u00e9able.\" \/>\n<meta property=\"og:url\" content=\"https:\/\/legrandhoteldethies.com\/en\/hotel\/\" \/>\n<meta property=\"og:site_name\" content=\"Le Grand H\u00f4tel de Thi\u00e8s\" \/>\n<meta property=\"article:publisher\" content=\"https:\/\/www.facebook.com\/legrandhoteldethies\/\" \/>\n<meta property=\"article:modified_time\" content=\"2024-04-02T11:13:33+00:00\" \/>\n<meta property=\"og:image\" content=\"https:\/\/legrandhoteldethies.com\/wp-content\/uploads\/2023\/08\/CAP06525-605x465.jpg\" \/>\n<meta name=\"twitter:card\" content=\"summary_large_image\" \/>\n<meta name=\"twitter:label1\" content=\"Estimated reading time\" \/>\n\t<meta name=\"twitter:data1\" content=\"3 minutes\" \/>\n<script type=\"application\/ld+json\" class=\"yoast-schema-graph\">{\"@context\":\"https:\/\/schema.org\",\"@graph\":[{\"@type\":\"WebPage\",\"@id\":\"https:\/\/legrandhoteldethies.com\/hotel\/\",\"url\":\"https:\/\/legrandhoteldethies.com\/hotel\/\",\"name\":\"R\u00e9servez votre S\u00e9jour \u00e0 l'H\u00f4tel \u00e0 Thi\u00e8s S\u00e9n\u00e9gal - Le Grand H\u00f4tel de Thi\u00e8s\",\"isPartOf\":{\"@id\":\"https:\/\/legrandhoteldethies.com\/#website\"},\"primaryImageOfPage\":{\"@id\":\"https:\/\/legrandhoteldethies.com\/hotel\/#primaryimage\"},\"image\":{\"@id\":\"https:\/\/legrandhoteldethies.com\/hotel\/#primaryimage\"},\"thumbnailUrl\":\"https:\/\/legrandhoteldethies.com\/wp-content\/uploads\/2023\/08\/CAP06525-605x465.jpg\",\"datePublished\":\"2023-08-28T11:55:53+00:00\",\"dateModified\":\"2024-04-02T11:13:33+00:00\",\"description\":\"Trouvez le meilleur h\u00f4tel \u00e0 Thi\u00e8s, S\u00e9n\u00e9gal. R\u00e9servez votre s\u00e9jour dans un \u00e9tablissement de qualit\u00e9 pour un s\u00e9jour vraiment agr\u00e9able.\",\"breadcrumb\":{\"@id\":\"https:\/\/legrandhoteldethies.com\/hotel\/#breadcrumb\"},\"inLanguage\":\"en-GB\",\"potentialAction\":[{\"@type\":\"ReadAction\",\"target\":[\"https:\/\/legrandhoteldethies.com\/hotel\/\"]}]},{\"@type\":\"ImageObject\",\"inLanguage\":\"en-GB\",\"@id\":\"https:\/\/legrandhoteldethies.com\/hotel\/#primaryimage\",\"url\":\"https:\/\/legrandhoteldethies.com\/wp-content\/uploads\/2023\/08\/CAP06525-605x465.jpg\",\"contentUrl\":\"https:\/\/legrandhoteldethies.com\/wp-content\/uploads\/2023\/08\/CAP06525-605x465.jpg\"},{\"@type\":\"BreadcrumbList\",\"@id\":\"https:\/\/legrandhoteldethies.com\/hotel\/#breadcrumb\",\"itemListElement\":[{\"@type\":\"ListItem\",\"position\":1,\"name\":\"Accueil\",\"item\":\"https:\/\/legrandhoteldethies.com\/\"},{\"@type\":\"ListItem\",\"position\":2,\"name\":\"H\u00f4tel\"}]},{\"@type\":\"WebSite\",\"@id\":\"https:\/\/legrandhoteldethies.com\/#website\",\"url\":\"https:\/\/legrandhoteldethies.com\/\",\"name\":\"Le Grand H\u00f4tel de Thi\u00e8s\",\"description\":\"H\u00f4tel et Restaurant \u00e0 Thi\u00e8s\",\"publisher\":{\"@id\":\"https:\/\/legrandhoteldethies.com\/#organization\"},\"alternateName\":\"GHDT\",\"potentialAction\":[{\"@type\":\"SearchAction\",\"target\":{\"@type\":\"EntryPoint\",\"urlTemplate\":\"https:\/\/legrandhoteldethies.com\/?s={search_term_string}\"},\"query-input\":{\"@type\":\"PropertyValueSpecification\",\"valueRequired\":true,\"valueName\":\"search_term_string\"}}],\"inLanguage\":\"en-GB\"},{\"@type\":\"Organization\",\"@id\":\"https:\/\/legrandhoteldethies.com\/#organization\",\"name\":\"Le Grand H\u00f4tel de Thi\u00e8s\",\"alternateName\":\"GHDT\",\"url\":\"https:\/\/legrandhoteldethies.com\/\",\"logo\":{\"@type\":\"ImageObject\",\"inLanguage\":\"en-GB\",\"@id\":\"https:\/\/legrandhoteldethies.com\/#\/schema\/logo\/image\/\",\"url\":\"https:\/\/legrandhoteldethies.com\/wp-content\/uploads\/2023\/08\/logo.png\",\"contentUrl\":\"https:\/\/legrandhoteldethies.com\/wp-content\/uploads\/2023\/08\/logo.png\",\"width\":2560,\"height\":2078,\"caption\":\"Le Grand H\u00f4tel de Thi\u00e8s\"},\"image\":{\"@id\":\"https:\/\/legrandhoteldethies.com\/#\/schema\/logo\/image\/\"},\"sameAs\":[\"https:\/\/www.facebook.com\/legrandhoteldethies\/\",\"https:\/\/www.instagram.com\/legrandhotelthies\/\"]}]}<\/script>\n<!-- \/ Yoast SEO Premium plugin. -->","yoast_head_json":{"title":"R\u00e9servez votre S\u00e9jour \u00e0 l'H\u00f4tel \u00e0 Thi\u00e8s S\u00e9n\u00e9gal - Le Grand H\u00f4tel de Thi\u00e8s","description":"Trouvez le meilleur h\u00f4tel \u00e0 Thi\u00e8s, S\u00e9n\u00e9gal. R\u00e9servez votre s\u00e9jour dans un \u00e9tablissement de qualit\u00e9 pour un s\u00e9jour vraiment agr\u00e9able.","robots":{"index":"index","follow":"follow","max-snippet":"max-snippet:-1","max-image-preview":"max-image-preview:large","max-video-preview":"max-video-preview:-1"},"canonical":"https:\/\/legrandhoteldethies.com\/en\/hotel\/","og_locale":"en_GB","og_type":"article","og_title":"H\u00f4tel","og_description":"Trouvez le meilleur h\u00f4tel \u00e0 Thi\u00e8s, S\u00e9n\u00e9gal. R\u00e9servez votre s\u00e9jour dans un \u00e9tablissement de qualit\u00e9 pour un s\u00e9jour vraiment agr\u00e9able.","og_url":"https:\/\/legrandhoteldethies.com\/en\/hotel\/","og_site_name":"Le Grand H\u00f4tel de Thi\u00e8s","article_publisher":"https:\/\/www.facebook.com\/legrandhoteldethies\/","article_modified_time":"2024-04-02T11:13:33+00:00","og_image":[{"url":"https:\/\/legrandhoteldethies.com\/wp-content\/uploads\/2023\/08\/CAP06525-605x465.jpg","type":"","width":"","height":""}],"twitter_card":"summary_large_image","twitter_misc":{"Estimated reading time":"3 minutes"},"schema":{"@context":"https:\/\/schema.org","@graph":[{"@type":"WebPage","@id":"https:\/\/legrandhoteldethies.com\/hotel\/","url":"https:\/\/legrandhoteldethies.com\/hotel\/","name":"R\u00e9servez votre S\u00e9jour \u00e0 l'H\u00f4tel \u00e0 Thi\u00e8s S\u00e9n\u00e9gal - Le Grand H\u00f4tel de Thi\u00e8s","isPartOf":{"@id":"https:\/\/legrandhoteldethies.com\/#website"},"primaryImageOfPage":{"@id":"https:\/\/legrandhoteldethies.com\/hotel\/#primaryimage"},"image":{"@id":"https:\/\/legrandhoteldethies.com\/hotel\/#primaryimage"},"thumbnailUrl":"https:\/\/legrandhoteldethies.com\/wp-content\/uploads\/2023\/08\/CAP06525-605x465.jpg","datePublished":"2023-08-28T11:55:53+00:00","dateModified":"2024-04-02T11:13:33+00:00","description":"Trouvez le meilleur h\u00f4tel \u00e0 Thi\u00e8s, S\u00e9n\u00e9gal. R\u00e9servez votre s\u00e9jour dans un \u00e9tablissement de qualit\u00e9 pour un s\u00e9jour vraiment agr\u00e9able.","breadcrumb":{"@id":"https:\/\/legrandhoteldethies.com\/hotel\/#breadcrumb"},"inLanguage":"en-GB","potentialAction":[{"@type":"ReadAction","target":["https:\/\/legrandhoteldethies.com\/hotel\/"]}]},{"@type":"ImageObject","inLanguage":"en-GB","@id":"https:\/\/legrandhoteldethies.com\/hotel\/#primaryimage","url":"https:\/\/legrandhoteldethies.com\/wp-content\/uploads\/2023\/08\/CAP06525-605x465.jpg","contentUrl":"https:\/\/legrandhoteldethies.com\/wp-content\/uploads\/2023\/08\/CAP06525-605x465.jpg"},{"@type":"BreadcrumbList","@id":"https:\/\/legrandhoteldethies.com\/hotel\/#breadcrumb","itemListElement":[{"@type":"ListItem","position":1,"name":"Accueil","item":"https:\/\/legrandhoteldethies.com\/"},{"@type":"ListItem","position":2,"name":"H\u00f4tel"}]},{"@type":"WebSite","@id":"https:\/\/legrandhoteldethies.com\/#website","url":"https:\/\/legrandhoteldethies.com\/","name":"Le Grand H\u00f4tel de Thi\u00e8s","description":"H\u00f4tel et Restaurant \u00e0 Thi\u00e8s","publisher":{"@id":"https:\/\/legrandhoteldethies.com\/#organization"},"alternateName":"GHDT","potentialAction":[{"@type":"SearchAction","target":{"@type":"EntryPoint","urlTemplate":"https:\/\/legrandhoteldethies.com\/?s={search_term_string}"},"query-input":{"@type":"PropertyValueSpecification","valueRequired":true,"valueName":"search_term_string"}}],"inLanguage":"en-GB"},{"@type":"Organization","@id":"https:\/\/legrandhoteldethies.com\/#organization","name":"Le Grand H\u00f4tel de Thi\u00e8s","alternateName":"GHDT","url":"https:\/\/legrandhoteldethies.com\/","logo":{"@type":"ImageObject","inLanguage":"en-GB","@id":"https:\/\/legrandhoteldethies.com\/#\/schema\/logo\/image\/","url":"https:\/\/legrandhoteldethies.com\/wp-content\/uploads\/2023\/08\/logo.png","contentUrl":"https:\/\/legrandhoteldethies.com\/wp-content\/uploads\/2023\/08\/logo.png","width":2560,"height":2078,"caption":"Le Grand H\u00f4tel de Thi\u00e8s"},"image":{"@id":"https:\/\/legrandhoteldethies.com\/#\/schema\/logo\/image\/"},"sameAs":["https:\/\/www.facebook.com\/legrandhoteldethies\/","https:\/\/www.instagram.com\/legrandhotelthies\/"]}]}},"_links":{"self":[{"href":"https:\/\/legrandhoteldethies.com\/en\/wp-json\/wp\/v2\/pages\/5277","targetHints":{"allow":["GET"]}}],"collection":[{"href":"https:\/\/legrandhoteldethies.com\/en\/wp-json\/wp\/v2\/pages"}],"about":[{"href":"https:\/\/legrandhoteldethies.com\/en\/wp-json\/wp\/v2\/types\/page"}],"author":[{"embeddable":true,"href":"https:\/\/legrandhoteldethies.com\/en\/wp-json\/wp\/v2\/users\/1"}],"replies":[{"embeddable":true,"href":"https:\/\/legrandhoteldethies.com\/en\/wp-json\/wp\/v2\/comments?post=5277"}],"version-history":[{"count":37,"href":"https:\/\/legrandhoteldethies.com\/en\/wp-json\/wp\/v2\/pages\/5277\/revisions"}],"predecessor-version":[{"id":6052,"href":"https:\/\/legrandhoteldethies.com\/en\/wp-json\/wp\/v2\/pages\/5277\/revisions\/6052"}],"wp:attachment":[{"href":"https:\/\/legrandhoteldethies.com\/en\/wp-json\/wp\/v2\/media?parent=5277"}],"curies":[{"name":"wp","href":"https:\/\/api.w.org\/{rel}","templated":true}]}}