{"id":5278,"date":"2023-08-28T11:55:53","date_gmt":"2023-08-28T11:55:53","guid":{"rendered":"https:\/\/legrandhoteldethies.com\/?page_id=5278"},"modified":"2024-08-20T16:33:24","modified_gmt":"2024-08-20T16:33:24","slug":"restaurant","status":"publish","type":"page","link":"https:\/\/legrandhoteldethies.com\/en\/restaurant\/","title":{"rendered":"Restaurant"},"content":{"rendered":"<div data-elementor-type=\"wp-page\" data-elementor-id=\"5278\" class=\"elementor elementor-5278\">\n\t\t\t\t\t\t\t\t\t<section class=\"elementor-section elementor-top-section elementor-element elementor-element-5876f8d elementor-section-full_width elementor-section-height-min-height elementor-section-height-default elementor-section-items-middle\" data-id=\"5876f8d\" data-element_type=\"section\" data-settings=\"{&quot;background_background&quot;:&quot;classic&quot;}\">\n\t\t\t\t\t\t\t<div class=\"elementor-background-overlay\"><\/div>\n\t\t\t\t\t\t\t<div class=\"elementor-container elementor-column-gap-default\">\n\t\t\t\t\t<div class=\"elementor-column elementor-col-100 elementor-top-column elementor-element elementor-element-a5c9994\" data-id=\"a5c9994\" data-element_type=\"column\">\n\t\t\t<div class=\"elementor-widget-wrap elementor-element-populated\">\n\t\t\t\t\t\t\t\t<div class=\"elementor-element elementor-element-c61f8c7 elementor-widget elementor-widget-spacer\" data-id=\"c61f8c7\" data-element_type=\"widget\" data-widget_type=\"spacer.default\">\n\t\t\t\t<div class=\"elementor-widget-container\">\n\t\t\t\t\t<div class=\"elementor-spacer\">\n\t\t\t<div class=\"elementor-spacer-inner\"><\/div>\n\t\t<\/div>\n\t\t\t\t<\/div>\n\t\t\t\t<\/div>\n\t\t\t\t<div class=\"elementor-element elementor-element-2431348 elementor-view-default elementor-position-top elementor-invisible elementor-widget elementor-widget-themo-header\" data-id=\"2431348\" data-element_type=\"widget\" data-settings=\"{&quot;_animation&quot;:&quot;fadeIn&quot;}\" data-widget_type=\"themo-header.default\">\n\t\t\t\t<div class=\"elementor-widget-container\">\n\t\t\t\t\t<div class=\"th-header-wrap\">\n        <div class=\"elementor-icon-box-wrapper\">\n                            <div class=\"elementor-icon-box-content\">\n                    <h1 class=\"elementor-icon-box-title\">\n                        Restaurant                    <\/h1>\n                                        <p class=\"elementor-icon-box-description\"><\/p>\n\n                                    <\/div>\n            <\/div>\n\n        <\/div>\n\n\t\t\t\t<\/div>\n\t\t\t\t<\/div>\n\t\t\t\t\t<\/div>\n\t\t<\/div>\n\t\t\t\t\t\t\t<\/div>\n\t\t<\/section>\n\t\t\t\t<section class=\"elementor-section elementor-top-section elementor-element elementor-element-94a7651 elementor-section-boxed elementor-section-height-default elementor-section-height-default\" data-id=\"94a7651\" data-element_type=\"section\" data-settings=\"{&quot;background_background&quot;:&quot;classic&quot;}\">\n\t\t\t\t\t\t<div class=\"elementor-container elementor-column-gap-default\">\n\t\t\t\t\t<div class=\"elementor-column elementor-col-100 elementor-top-column elementor-element elementor-element-125df77\" data-id=\"125df77\" data-element_type=\"column\">\n\t\t\t<div class=\"elementor-widget-wrap elementor-element-populated\">\n\t\t\t\t\t\t\t\t<div class=\"elementor-element elementor-element-1099312 elementor-widget elementor-widget-spacer\" data-id=\"1099312\" data-element_type=\"widget\" data-widget_type=\"spacer.default\">\n\t\t\t\t<div class=\"elementor-widget-container\">\n\t\t\t\t\t<div class=\"elementor-spacer\">\n\t\t\t<div class=\"elementor-spacer-inner\"><\/div>\n\t\t<\/div>\n\t\t\t\t<\/div>\n\t\t\t\t<\/div>\n\t\t\t\t<div class=\"elementor-element elementor-element-aeaa9d5 elementor-view-default elementor-position-top elementor-widget elementor-widget-themo-header\" data-id=\"aeaa9d5\" data-element_type=\"widget\" data-widget_type=\"themo-header.default\">\n\t\t\t\t<div class=\"elementor-widget-container\">\n\t\t\t\t\t<div class=\"th-header-wrap\">\n        <div class=\"elementor-icon-box-wrapper\">\n                            <div class=\"elementor-icon-box-content\">\n                    <h2 class=\"elementor-icon-box-title\">\n                        WELCOME TO \"KHAY GUI\"                    <\/h2>\n                                            <span class=\"th-header-divider\"><\/span>\n                                        <p class=\"elementor-icon-box-description\">The exquisite restaurant nestled in the heart of our hotel. Enjoy refined cuisine in an elegant atmosphere. Our team of talented chefs concocts delicious dishes, highlighting fresh ingredients and authentic flavors. Whether for a business lunch or a romantic dinner, \"KHAY GUI\" offers you an exceptional culinary experience. Book now for a memorable gastronomic evening in our restaurant.<\/p>\n\n                                    <\/div>\n            <\/div>\n\n        <\/div>\n\n\t\t\t\t<\/div>\n\t\t\t\t<\/div>\n\t\t\t\t<div class=\"elementor-element elementor-element-2c4d8b2 elementor-widget elementor-widget-spacer\" data-id=\"2c4d8b2\" data-element_type=\"widget\" data-widget_type=\"spacer.default\">\n\t\t\t\t<div class=\"elementor-widget-container\">\n\t\t\t\t\t<div class=\"elementor-spacer\">\n\t\t\t<div class=\"elementor-spacer-inner\"><\/div>\n\t\t<\/div>\n\t\t\t\t<\/div>\n\t\t\t\t<\/div>\n\t\t\t\t<div class=\"elementor-element elementor-element-ad42614 elementor-widget elementor-widget-spacer\" data-id=\"ad42614\" data-element_type=\"widget\" data-widget_type=\"spacer.default\">\n\t\t\t\t<div class=\"elementor-widget-container\">\n\t\t\t\t\t<div class=\"elementor-spacer\">\n\t\t\t<div class=\"elementor-spacer-inner\"><\/div>\n\t\t<\/div>\n\t\t\t\t<\/div>\n\t\t\t\t<\/div>\n\t\t\t\t\t<\/div>\n\t\t<\/div>\n\t\t\t\t\t\t\t<\/div>\n\t\t<\/section>\n\t\t<div class=\"elementor-element elementor-element-8fcdee4 e-flex e-con-boxed e-con e-parent\" data-id=\"8fcdee4\" data-element_type=\"container\" data-settings=\"{&quot;background_background&quot;:&quot;classic&quot;,&quot;content_width&quot;:&quot;boxed&quot;}\" data-core-v316-plus=\"true\">\n\t\t\t\t\t<div class=\"e-con-inner\">\n\t\t\t\t<div class=\"elementor-element elementor-element-12c1f22 elementor-widget elementor-widget-heading\" data-id=\"12c1f22\" data-element_type=\"widget\" data-widget_type=\"heading.default\">\n\t\t\t\t<div class=\"elementor-widget-container\">\n\t\t\t<h2 class=\"elementor-heading-title elementor-size-default\">OUR MENU<\/h2>\t\t<\/div>\n\t\t\t\t<\/div>\n\t\t\t\t<div class=\"elementor-element elementor-element-93d1488 elementor-widget elementor-widget-shortcode\" data-id=\"93d1488\" data-element_type=\"widget\" data-widget_type=\"shortcode.default\">\n\t\t\t\t<div class=\"elementor-widget-container\">\n\t\t\t\t\t<div class=\"elementor-shortcode\"><div class=\"_df_book df-lite\" id=\"df_6409\"  _slug=\"menu-2\" data-title=\"menu-ght\" wpoptions=\"true\" thumbtype=\"\" ><\/div><script class=\"df-shortcode-script\" type=\"application\/javascript\">window.option_df_6409 = {\"outline\":[],\"backgroundColor\":\"#E8DFD1\",\"autoEnableOutline\":\"false\",\"autoEnableThumbnail\":\"false\",\"overwritePDFOutline\":\"false\",\"direction\":\"1\",\"pageSize\":\"0\",\"source\":\"https:\\\/\\\/legrandhoteldethies.com\\\/wp-content\\\/uploads\\\/2024\\\/08\\\/Nouvelle-carte-ght.pdf\",\"wpOptions\":\"true\"}; if(window.DFLIP && window.DFLIP.parseBooks){window.DFLIP.parseBooks();}<\/script>\n<\/div>\n\t\t\t\t<\/div>\n\t\t\t\t<\/div>\n\t\t\t\t\t<\/div>\n\t\t\t\t<\/div>\n\t\t<div class=\"elementor-element elementor-element-929a488 e-flex e-con-boxed e-con e-parent\" data-id=\"929a488\" data-element_type=\"container\" data-settings=\"{&quot;content_width&quot;:&quot;boxed&quot;}\" data-core-v316-plus=\"true\">\n\t\t\t\t\t<div class=\"e-con-inner\">\n\t\t\t\t<div class=\"elementor-element elementor-element-d38bcbf elementor-widget elementor-widget-themo-image-gallery\" data-id=\"d38bcbf\" data-element_type=\"widget\" data-widget_type=\"themo-image-gallery.default\">\n\t\t\t\t<div class=\"elementor-widget-container\">\n\t\t\t\t\t<div class=\"elementor-image-gallery th-image-stretch\">\n\t\t\t<div class=\"gallery gallery-5278-1\"><div class=\"row gallery-row\"><div class=\"col-sm-4 col-lg-4\"><a data-toggle=\"lightbox\" data-gallery=\"multiimages\" data-title=\"Restaurant, Le Grand H\u00f4tel de Thi\u00e8s, S\u00e9n\u00e9gal\"  class=\"thumbnail img-thumbnail\" href='https:\/\/legrandhoteldethies.com\/wp-content\/uploads\/2023\/08\/CAP06219-2-1240x808.jpg'><img fetchpriority=\"high\" decoding=\"async\" width=\"394\" height=\"303\" src=\"https:\/\/legrandhoteldethies.com\/wp-content\/uploads\/2023\/08\/CAP06219-2-394x303.jpg\" class=\"attachment-th_img_sm_landscape size-th_img_sm_landscape\" alt=\"Restaurant, Le Grand H\u00f4tel de Thi\u00e8s, S\u00e9n\u00e9gal\" srcset=\"https:\/\/legrandhoteldethies.com\/wp-content\/uploads\/2023\/08\/CAP06219-2-394x303.jpg 394w, https:\/\/legrandhoteldethies.com\/wp-content\/uploads\/2023\/08\/CAP06219-2-605x465.jpg 605w\" sizes=\"(max-width: 394px) 100vw, 394px\" \/><\/a><div class=\"gallery-text\"><div class=\"image-title\">CAP06219-2<\/div><\/div><\/div><div class=\"col-sm-4 col-lg-4\"><a data-toggle=\"lightbox\" data-gallery=\"multiimages\" data-title=\"Restaurant, Le Grand H\u00f4tel de Thi\u00e8s, S\u00e9n\u00e9gal\"  class=\"thumbnail img-thumbnail\" href='https:\/\/legrandhoteldethies.com\/wp-content\/uploads\/2023\/08\/CAP06213-2-1240x827.jpg'><img decoding=\"async\" width=\"394\" height=\"303\" src=\"https:\/\/legrandhoteldethies.com\/wp-content\/uploads\/2023\/08\/CAP06213-2-394x303.jpg\" class=\"attachment-th_img_sm_landscape size-th_img_sm_landscape\" alt=\"Restaurant, Le Grand H\u00f4tel de Thi\u00e8s, S\u00e9n\u00e9gal\" srcset=\"https:\/\/legrandhoteldethies.com\/wp-content\/uploads\/2023\/08\/CAP06213-2-394x303.jpg 394w, https:\/\/legrandhoteldethies.com\/wp-content\/uploads\/2023\/08\/CAP06213-2-605x465.jpg 605w\" sizes=\"(max-width: 394px) 100vw, 394px\" \/><\/a><div class=\"gallery-text\"><div class=\"image-title\">CAP06213-2<\/div><\/div><\/div><div class=\"col-sm-4 col-lg-4\"><a data-toggle=\"lightbox\" data-gallery=\"multiimages\" data-title=\"Restaurant, Le Grand H\u00f4tel de Thi\u00e8s, S\u00e9n\u00e9gal\"  class=\"thumbnail img-thumbnail\" href='https:\/\/legrandhoteldethies.com\/wp-content\/uploads\/2023\/08\/CAP07292-760x950.jpg'><img decoding=\"async\" width=\"394\" height=\"303\" src=\"https:\/\/legrandhoteldethies.com\/wp-content\/uploads\/2023\/08\/CAP07292-394x303.jpg\" class=\"attachment-th_img_sm_landscape size-th_img_sm_landscape\" alt=\"Restaurant, Le Grand H\u00f4tel de Thi\u00e8s, S\u00e9n\u00e9gal\" srcset=\"https:\/\/legrandhoteldethies.com\/wp-content\/uploads\/2023\/08\/CAP07292-394x303.jpg 394w, https:\/\/legrandhoteldethies.com\/wp-content\/uploads\/2023\/08\/CAP07292-605x465.jpg 605w\" sizes=\"(max-width: 394px) 100vw, 394px\" \/><\/a><div class=\"gallery-text\"><div class=\"image-title\">CAP07292<\/div><\/div><\/div><\/div><div class=\"row gallery-row\"><div class=\"col-sm-4 col-lg-4\"><a class=\"thumbnail img-thumbnail\" href='https:\/\/legrandhoteldethies.com\/wp-content\/uploads\/2024\/08\/CAP02075-760x950.webp'><img loading=\"lazy\" decoding=\"async\" width=\"394\" height=\"303\" src=\"https:\/\/legrandhoteldethies.com\/wp-content\/uploads\/2024\/08\/CAP02075-394x303.webp\" class=\"attachment-th_img_sm_landscape size-th_img_sm_landscape\" alt=\"\" srcset=\"https:\/\/legrandhoteldethies.com\/wp-content\/uploads\/2024\/08\/CAP02075-394x303.webp 394w, https:\/\/legrandhoteldethies.com\/wp-content\/uploads\/2024\/08\/CAP02075-605x465.webp 605w\" sizes=\"(max-width: 394px) 100vw, 394px\" \/><\/a><div class=\"gallery-text\"><div class=\"image-title\">CAP02075<\/div><\/div><\/div><div class=\"col-sm-4 col-lg-4\"><a class=\"thumbnail img-thumbnail\" href='https:\/\/legrandhoteldethies.com\/wp-content\/uploads\/2024\/08\/CAP02091-1188x950.webp'><img loading=\"lazy\" decoding=\"async\" width=\"394\" height=\"303\" src=\"https:\/\/legrandhoteldethies.com\/wp-content\/uploads\/2024\/08\/CAP02091-394x303.webp\" class=\"attachment-th_img_sm_landscape size-th_img_sm_landscape\" alt=\"\" srcset=\"https:\/\/legrandhoteldethies.com\/wp-content\/uploads\/2024\/08\/CAP02091-394x303.webp 394w, https:\/\/legrandhoteldethies.com\/wp-content\/uploads\/2024\/08\/CAP02091-15x12.webp 15w, https:\/\/legrandhoteldethies.com\/wp-content\/uploads\/2024\/08\/CAP02091-605x465.webp 605w\" sizes=\"(max-width: 394px) 100vw, 394px\" \/><\/a><div class=\"gallery-text\"><div class=\"image-title\">CAP02091<\/div><\/div><\/div><div class=\"col-sm-4 col-lg-4\"><a class=\"thumbnail img-thumbnail\" href='https:\/\/legrandhoteldethies.com\/wp-content\/uploads\/2024\/08\/CAP02921-760x950.webp'><img loading=\"lazy\" decoding=\"async\" width=\"394\" height=\"303\" src=\"https:\/\/legrandhoteldethies.com\/wp-content\/uploads\/2024\/08\/CAP02921-394x303.webp\" class=\"attachment-th_img_sm_landscape size-th_img_sm_landscape\" alt=\"\" srcset=\"https:\/\/legrandhoteldethies.com\/wp-content\/uploads\/2024\/08\/CAP02921-394x303.webp 394w, https:\/\/legrandhoteldethies.com\/wp-content\/uploads\/2024\/08\/CAP02921-605x465.webp 605w\" sizes=\"(max-width: 394px) 100vw, 394px\" \/><\/a><div class=\"gallery-text\"><div class=\"image-title\">CAP02921<\/div><\/div><\/div><\/div><div class=\"row gallery-row\"><div class=\"col-sm-4 col-lg-4\"><a class=\"thumbnail img-thumbnail\" href='https:\/\/legrandhoteldethies.com\/wp-content\/uploads\/2024\/08\/CAP02108-760x950.webp'><img loading=\"lazy\" decoding=\"async\" width=\"394\" height=\"303\" src=\"https:\/\/legrandhoteldethies.com\/wp-content\/uploads\/2024\/08\/CAP02108-394x303.webp\" class=\"attachment-th_img_sm_landscape size-th_img_sm_landscape\" alt=\"\" srcset=\"https:\/\/legrandhoteldethies.com\/wp-content\/uploads\/2024\/08\/CAP02108-394x303.webp 394w, https:\/\/legrandhoteldethies.com\/wp-content\/uploads\/2024\/08\/CAP02108-605x465.webp 605w\" sizes=\"(max-width: 394px) 100vw, 394px\" \/><\/a><div class=\"gallery-text\"><div class=\"image-title\">CAP02108<\/div><\/div><\/div><div class=\"col-sm-4 col-lg-4\"><a class=\"thumbnail img-thumbnail\" href='https:\/\/legrandhoteldethies.com\/wp-content\/uploads\/2024\/08\/CAP08868-760x950.webp'><img loading=\"lazy\" decoding=\"async\" width=\"394\" height=\"303\" src=\"https:\/\/legrandhoteldethies.com\/wp-content\/uploads\/2024\/08\/CAP08868-394x303.webp\" class=\"attachment-th_img_sm_landscape size-th_img_sm_landscape\" alt=\"\" srcset=\"https:\/\/legrandhoteldethies.com\/wp-content\/uploads\/2024\/08\/CAP08868-394x303.webp 394w, https:\/\/legrandhoteldethies.com\/wp-content\/uploads\/2024\/08\/CAP08868-605x465.webp 605w\" sizes=\"(max-width: 394px) 100vw, 394px\" \/><\/a><div class=\"gallery-text\"><div class=\"image-title\">CAP08868<\/div><\/div><\/div><div class=\"col-sm-4 col-lg-4\"><a class=\"thumbnail img-thumbnail\" href='https:\/\/legrandhoteldethies.com\/wp-content\/uploads\/2024\/08\/CAP04731-760x950.webp'><img loading=\"lazy\" decoding=\"async\" width=\"394\" height=\"303\" src=\"https:\/\/legrandhoteldethies.com\/wp-content\/uploads\/2024\/08\/CAP04731-394x303.webp\" class=\"attachment-th_img_sm_landscape size-th_img_sm_landscape\" alt=\"\u00e9v\u00e8nement, r\u00e9ception, Le Grand H\u00f4tel de Thi\u00e8s, S\u00e9n\u00e9gal\" srcset=\"https:\/\/legrandhoteldethies.com\/wp-content\/uploads\/2024\/08\/CAP04731-394x303.webp 394w, https:\/\/legrandhoteldethies.com\/wp-content\/uploads\/2024\/08\/CAP04731-605x465.webp 605w\" sizes=\"(max-width: 394px) 100vw, 394px\" \/><\/a><div class=\"gallery-text\"><div class=\"image-title\">CAP04731<\/div><\/div><\/div><\/div><\/div>\t\t<\/div>\n\t\t\t\t<\/div>\n\t\t\t\t<\/div>\n\t\t\t\t\t<\/div>\n\t\t\t\t<\/div>\n\t\t\t\t\t\t\t<\/div>","protected":false},"excerpt":{"rendered":"<p>Restaurant BIENVENUE A \u00ab\u00a0KHAY GUI\u00a0\u00bb Le restaurant exquis nich\u00e9 au sein de notre h\u00f4tel. Savourez une cuisine raffin\u00e9e dans une ambiance \u00e9l\u00e9gante. Notre \u00e9quipe de chefs talentueux concocte des plats d\u00e9licieux, mettant en valeur des ingr\u00e9dients frais et des saveurs &hellip; <a href=\"https:\/\/legrandhoteldethies.com\/en\/restaurant\/\">Read More<\/a><\/p>","protected":false},"author":1,"featured_media":0,"parent":0,"menu_order":0,"comment_status":"closed","ping_status":"closed","template":"","meta":{"footnotes":""},"class_list":["post-5278","page","type-page","status-publish","hentry"],"yoast_head":"<!-- This site is optimized with the Yoast SEO Premium plugin v24.0 (Yoast SEO v24.0) - https:\/\/yoast.com\/wordpress\/plugins\/seo\/ -->\n<title>Restaurant \u00e0 Thi\u00e8s S\u00e9n\u00e9gal : D\u00e9couvrez une cuisine raffin\u00e9e<\/title>\n<meta name=\"description\" content=\"D\u00e9couvrez une exp\u00e9rience culinaire exceptionnelle au restaurant \u00ab KHAY GUI \u00bb de notre h\u00f4tel \u00e0 Thi\u00e8s S\u00e9n\u00e9gal. Une cuisine raffin\u00e9e dans une ambiance \u00e9l\u00e9gante.\" \/>\n<meta name=\"robots\" content=\"index, follow, max-snippet:-1, max-image-preview:large, max-video-preview:-1\" \/>\n<link rel=\"canonical\" href=\"https:\/\/legrandhoteldethies.com\/en\/restaurant\/\" \/>\n<meta property=\"og:locale\" content=\"en_GB\" \/>\n<meta property=\"og:type\" content=\"article\" \/>\n<meta property=\"og:title\" content=\"Restaurant\" \/>\n<meta property=\"og:description\" content=\"D\u00e9couvrez une exp\u00e9rience culinaire exceptionnelle au restaurant \u00ab KHAY GUI \u00bb de notre h\u00f4tel \u00e0 Thi\u00e8s S\u00e9n\u00e9gal. Une cuisine raffin\u00e9e dans une ambiance \u00e9l\u00e9gante.\" \/>\n<meta property=\"og:url\" content=\"https:\/\/legrandhoteldethies.com\/en\/restaurant\/\" \/>\n<meta property=\"og:site_name\" content=\"Le Grand H\u00f4tel de Thi\u00e8s\" \/>\n<meta property=\"article:publisher\" content=\"https:\/\/www.facebook.com\/legrandhoteldethies\/\" \/>\n<meta property=\"article:modified_time\" content=\"2024-08-20T16:33:24+00:00\" \/>\n<meta property=\"og:image\" content=\"https:\/\/legrandhoteldethies.com\/wp-content\/uploads\/2023\/08\/CAP06219-2-394x303.jpg\" \/>\n<meta name=\"twitter:card\" content=\"summary_large_image\" \/>\n<meta name=\"twitter:label1\" content=\"Estimated reading time\" \/>\n\t<meta name=\"twitter:data1\" content=\"2 minutes\" \/>\n<script type=\"application\/ld+json\" class=\"yoast-schema-graph\">{\"@context\":\"https:\/\/schema.org\",\"@graph\":[{\"@type\":\"WebPage\",\"@id\":\"https:\/\/legrandhoteldethies.com\/restaurant\/\",\"url\":\"https:\/\/legrandhoteldethies.com\/restaurant\/\",\"name\":\"Restaurant \u00e0 Thi\u00e8s S\u00e9n\u00e9gal : D\u00e9couvrez une cuisine raffin\u00e9e\",\"isPartOf\":{\"@id\":\"https:\/\/legrandhoteldethies.com\/#website\"},\"primaryImageOfPage\":{\"@id\":\"https:\/\/legrandhoteldethies.com\/restaurant\/#primaryimage\"},\"image\":{\"@id\":\"https:\/\/legrandhoteldethies.com\/restaurant\/#primaryimage\"},\"thumbnailUrl\":\"https:\/\/legrandhoteldethies.com\/wp-content\/uploads\/2023\/08\/CAP06219-2-394x303.jpg\",\"datePublished\":\"2023-08-28T11:55:53+00:00\",\"dateModified\":\"2024-08-20T16:33:24+00:00\",\"description\":\"D\u00e9couvrez une exp\u00e9rience culinaire exceptionnelle au restaurant \u00ab KHAY GUI \u00bb de notre h\u00f4tel \u00e0 Thi\u00e8s S\u00e9n\u00e9gal. Une cuisine raffin\u00e9e dans une ambiance \u00e9l\u00e9gante.\",\"breadcrumb\":{\"@id\":\"https:\/\/legrandhoteldethies.com\/restaurant\/#breadcrumb\"},\"inLanguage\":\"en-GB\",\"potentialAction\":[{\"@type\":\"ReadAction\",\"target\":[\"https:\/\/legrandhoteldethies.com\/restaurant\/\"]}]},{\"@type\":\"ImageObject\",\"inLanguage\":\"en-GB\",\"@id\":\"https:\/\/legrandhoteldethies.com\/restaurant\/#primaryimage\",\"url\":\"https:\/\/legrandhoteldethies.com\/wp-content\/uploads\/2023\/08\/CAP06219-2-394x303.jpg\",\"contentUrl\":\"https:\/\/legrandhoteldethies.com\/wp-content\/uploads\/2023\/08\/CAP06219-2-394x303.jpg\"},{\"@type\":\"BreadcrumbList\",\"@id\":\"https:\/\/legrandhoteldethies.com\/restaurant\/#breadcrumb\",\"itemListElement\":[{\"@type\":\"ListItem\",\"position\":1,\"name\":\"Accueil\",\"item\":\"https:\/\/legrandhoteldethies.com\/\"},{\"@type\":\"ListItem\",\"position\":2,\"name\":\"Restaurant\"}]},{\"@type\":\"WebSite\",\"@id\":\"https:\/\/legrandhoteldethies.com\/#website\",\"url\":\"https:\/\/legrandhoteldethies.com\/\",\"name\":\"Le Grand H\u00f4tel de Thi\u00e8s\",\"description\":\"H\u00f4tel et Restaurant \u00e0 Thi\u00e8s\",\"publisher\":{\"@id\":\"https:\/\/legrandhoteldethies.com\/#organization\"},\"alternateName\":\"GHDT\",\"potentialAction\":[{\"@type\":\"SearchAction\",\"target\":{\"@type\":\"EntryPoint\",\"urlTemplate\":\"https:\/\/legrandhoteldethies.com\/?s={search_term_string}\"},\"query-input\":{\"@type\":\"PropertyValueSpecification\",\"valueRequired\":true,\"valueName\":\"search_term_string\"}}],\"inLanguage\":\"en-GB\"},{\"@type\":\"Organization\",\"@id\":\"https:\/\/legrandhoteldethies.com\/#organization\",\"name\":\"Le Grand H\u00f4tel de Thi\u00e8s\",\"alternateName\":\"GHDT\",\"url\":\"https:\/\/legrandhoteldethies.com\/\",\"logo\":{\"@type\":\"ImageObject\",\"inLanguage\":\"en-GB\",\"@id\":\"https:\/\/legrandhoteldethies.com\/#\/schema\/logo\/image\/\",\"url\":\"https:\/\/legrandhoteldethies.com\/wp-content\/uploads\/2023\/08\/logo.png\",\"contentUrl\":\"https:\/\/legrandhoteldethies.com\/wp-content\/uploads\/2023\/08\/logo.png\",\"width\":2560,\"height\":2078,\"caption\":\"Le Grand H\u00f4tel de Thi\u00e8s\"},\"image\":{\"@id\":\"https:\/\/legrandhoteldethies.com\/#\/schema\/logo\/image\/\"},\"sameAs\":[\"https:\/\/www.facebook.com\/legrandhoteldethies\/\",\"https:\/\/www.instagram.com\/legrandhotelthies\/\"]}]}<\/script>\n<!-- \/ Yoast SEO Premium plugin. -->","yoast_head_json":{"title":"Restaurant \u00e0 Thi\u00e8s S\u00e9n\u00e9gal : D\u00e9couvrez une cuisine raffin\u00e9e","description":"D\u00e9couvrez une exp\u00e9rience culinaire exceptionnelle au restaurant \u00ab KHAY GUI \u00bb de notre h\u00f4tel \u00e0 Thi\u00e8s S\u00e9n\u00e9gal. Une cuisine raffin\u00e9e dans une ambiance \u00e9l\u00e9gante.","robots":{"index":"index","follow":"follow","max-snippet":"max-snippet:-1","max-image-preview":"max-image-preview:large","max-video-preview":"max-video-preview:-1"},"canonical":"https:\/\/legrandhoteldethies.com\/en\/restaurant\/","og_locale":"en_GB","og_type":"article","og_title":"Restaurant","og_description":"D\u00e9couvrez une exp\u00e9rience culinaire exceptionnelle au restaurant \u00ab KHAY GUI \u00bb de notre h\u00f4tel \u00e0 Thi\u00e8s S\u00e9n\u00e9gal. Une cuisine raffin\u00e9e dans une ambiance \u00e9l\u00e9gante.","og_url":"https:\/\/legrandhoteldethies.com\/en\/restaurant\/","og_site_name":"Le Grand H\u00f4tel de Thi\u00e8s","article_publisher":"https:\/\/www.facebook.com\/legrandhoteldethies\/","article_modified_time":"2024-08-20T16:33:24+00:00","og_image":[{"url":"https:\/\/legrandhoteldethies.com\/wp-content\/uploads\/2023\/08\/CAP06219-2-394x303.jpg","type":"","width":"","height":""}],"twitter_card":"summary_large_image","twitter_misc":{"Estimated reading time":"2 minutes"},"schema":{"@context":"https:\/\/schema.org","@graph":[{"@type":"WebPage","@id":"https:\/\/legrandhoteldethies.com\/restaurant\/","url":"https:\/\/legrandhoteldethies.com\/restaurant\/","name":"Restaurant \u00e0 Thi\u00e8s S\u00e9n\u00e9gal : D\u00e9couvrez une cuisine raffin\u00e9e","isPartOf":{"@id":"https:\/\/legrandhoteldethies.com\/#website"},"primaryImageOfPage":{"@id":"https:\/\/legrandhoteldethies.com\/restaurant\/#primaryimage"},"image":{"@id":"https:\/\/legrandhoteldethies.com\/restaurant\/#primaryimage"},"thumbnailUrl":"https:\/\/legrandhoteldethies.com\/wp-content\/uploads\/2023\/08\/CAP06219-2-394x303.jpg","datePublished":"2023-08-28T11:55:53+00:00","dateModified":"2024-08-20T16:33:24+00:00","description":"D\u00e9couvrez une exp\u00e9rience culinaire exceptionnelle au restaurant \u00ab KHAY GUI \u00bb de notre h\u00f4tel \u00e0 Thi\u00e8s S\u00e9n\u00e9gal. Une cuisine raffin\u00e9e dans une ambiance \u00e9l\u00e9gante.","breadcrumb":{"@id":"https:\/\/legrandhoteldethies.com\/restaurant\/#breadcrumb"},"inLanguage":"en-GB","potentialAction":[{"@type":"ReadAction","target":["https:\/\/legrandhoteldethies.com\/restaurant\/"]}]},{"@type":"ImageObject","inLanguage":"en-GB","@id":"https:\/\/legrandhoteldethies.com\/restaurant\/#primaryimage","url":"https:\/\/legrandhoteldethies.com\/wp-content\/uploads\/2023\/08\/CAP06219-2-394x303.jpg","contentUrl":"https:\/\/legrandhoteldethies.com\/wp-content\/uploads\/2023\/08\/CAP06219-2-394x303.jpg"},{"@type":"BreadcrumbList","@id":"https:\/\/legrandhoteldethies.com\/restaurant\/#breadcrumb","itemListElement":[{"@type":"ListItem","position":1,"name":"Accueil","item":"https:\/\/legrandhoteldethies.com\/"},{"@type":"ListItem","position":2,"name":"Restaurant"}]},{"@type":"WebSite","@id":"https:\/\/legrandhoteldethies.com\/#website","url":"https:\/\/legrandhoteldethies.com\/","name":"Le Grand H\u00f4tel de Thi\u00e8s","description":"H\u00f4tel et Restaurant \u00e0 Thi\u00e8s","publisher":{"@id":"https:\/\/legrandhoteldethies.com\/#organization"},"alternateName":"GHDT","potentialAction":[{"@type":"SearchAction","target":{"@type":"EntryPoint","urlTemplate":"https:\/\/legrandhoteldethies.com\/?s={search_term_string}"},"query-input":{"@type":"PropertyValueSpecification","valueRequired":true,"valueName":"search_term_string"}}],"inLanguage":"en-GB"},{"@type":"Organization","@id":"https:\/\/legrandhoteldethies.com\/#organization","name":"Le Grand H\u00f4tel de Thi\u00e8s","alternateName":"GHDT","url":"https:\/\/legrandhoteldethies.com\/","logo":{"@type":"ImageObject","inLanguage":"en-GB","@id":"https:\/\/legrandhoteldethies.com\/#\/schema\/logo\/image\/","url":"https:\/\/legrandhoteldethies.com\/wp-content\/uploads\/2023\/08\/logo.png","contentUrl":"https:\/\/legrandhoteldethies.com\/wp-content\/uploads\/2023\/08\/logo.png","width":2560,"height":2078,"caption":"Le Grand H\u00f4tel de Thi\u00e8s"},"image":{"@id":"https:\/\/legrandhoteldethies.com\/#\/schema\/logo\/image\/"},"sameAs":["https:\/\/www.facebook.com\/legrandhoteldethies\/","https:\/\/www.instagram.com\/legrandhotelthies\/"]}]}},"_links":{"self":[{"href":"https:\/\/legrandhoteldethies.com\/en\/wp-json\/wp\/v2\/pages\/5278","targetHints":{"allow":["GET"]}}],"collection":[{"href":"https:\/\/legrandhoteldethies.com\/en\/wp-json\/wp\/v2\/pages"}],"about":[{"href":"https:\/\/legrandhoteldethies.com\/en\/wp-json\/wp\/v2\/types\/page"}],"author":[{"embeddable":true,"href":"https:\/\/legrandhoteldethies.com\/en\/wp-json\/wp\/v2\/users\/1"}],"replies":[{"embeddable":true,"href":"https:\/\/legrandhoteldethies.com\/en\/wp-json\/wp\/v2\/comments?post=5278"}],"version-history":[{"count":28,"href":"https:\/\/legrandhoteldethies.com\/en\/wp-json\/wp\/v2\/pages\/5278\/revisions"}],"predecessor-version":[{"id":6429,"href":"https:\/\/legrandhoteldethies.com\/en\/wp-json\/wp\/v2\/pages\/5278\/revisions\/6429"}],"wp:attachment":[{"href":"https:\/\/legrandhoteldethies.com\/en\/wp-json\/wp\/v2\/media?parent=5278"}],"curies":[{"name":"wp","href":"https:\/\/api.w.org\/{rel}","templated":true}]}}