{"id":5280,"date":"2023-08-28T11:55:53","date_gmt":"2023-08-28T11:55:53","guid":{"rendered":"https:\/\/legrandhoteldethies.com\/?page_id=5280"},"modified":"2024-04-02T11:30:33","modified_gmt":"2024-04-02T11:30:33","slug":"salles","status":"publish","type":"page","link":"https:\/\/legrandhoteldethies.com\/en\/salles\/","title":{"rendered":"Rooms"},"content":{"rendered":"<div data-elementor-type=\"wp-page\" data-elementor-id=\"5280\" class=\"elementor elementor-5280\">\n\t\t\t\t\t\t\t\t\t<section class=\"elementor-section elementor-top-section elementor-element elementor-element-f9210c4 elementor-section-full_width elementor-section-height-min-height elementor-section-height-default elementor-section-items-middle\" data-id=\"f9210c4\" data-element_type=\"section\" data-settings=\"{&quot;background_background&quot;:&quot;classic&quot;}\">\n\t\t\t\t\t\t\t<div class=\"elementor-background-overlay\"><\/div>\n\t\t\t\t\t\t\t<div class=\"elementor-container elementor-column-gap-default\">\n\t\t\t\t\t<div class=\"elementor-column elementor-col-100 elementor-top-column elementor-element elementor-element-981f761\" data-id=\"981f761\" data-element_type=\"column\">\n\t\t\t<div class=\"elementor-widget-wrap elementor-element-populated\">\n\t\t\t\t\t\t\t\t<div class=\"elementor-element elementor-element-116a44e elementor-widget elementor-widget-spacer\" data-id=\"116a44e\" data-element_type=\"widget\" data-widget_type=\"spacer.default\">\n\t\t\t\t<div class=\"elementor-widget-container\">\n\t\t\t\t\t<div class=\"elementor-spacer\">\n\t\t\t<div class=\"elementor-spacer-inner\"><\/div>\n\t\t<\/div>\n\t\t\t\t<\/div>\n\t\t\t\t<\/div>\n\t\t\t\t<div class=\"elementor-element elementor-element-595e45a elementor-view-default elementor-position-top elementor-invisible elementor-widget elementor-widget-themo-header\" data-id=\"595e45a\" data-element_type=\"widget\" data-settings=\"{&quot;_animation&quot;:&quot;fadeIn&quot;}\" data-widget_type=\"themo-header.default\">\n\t\t\t\t<div class=\"elementor-widget-container\">\n\t\t\t\t\t<div class=\"th-header-wrap\">\n        <div class=\"elementor-icon-box-wrapper\">\n                            <div class=\"elementor-icon-box-content\">\n                    <h1 class=\"elementor-icon-box-title\">\n                        ROOMS                    <\/h1>\n                                        <p class=\"elementor-icon-box-description\"><\/p>\n\n                                    <\/div>\n            <\/div>\n\n        <\/div>\n\n\t\t\t\t<\/div>\n\t\t\t\t<\/div>\n\t\t\t\t\t<\/div>\n\t\t<\/div>\n\t\t\t\t\t\t\t<\/div>\n\t\t<\/section>\n\t\t\t\t<section class=\"elementor-section elementor-top-section elementor-element elementor-element-d7e5f97 elementor-section-full_width elementor-reverse-mobile elementor-section-height-default elementor-section-height-default\" data-id=\"d7e5f97\" data-element_type=\"section\">\n\t\t\t\t\t\t<div class=\"elementor-container elementor-column-gap-default\">\n\t\t\t\t\t<div class=\"elementor-column elementor-col-50 elementor-top-column elementor-element elementor-element-ffd1eda\" data-id=\"ffd1eda\" data-element_type=\"column\" data-settings=\"{&quot;background_background&quot;:&quot;classic&quot;}\">\n\t\t\t<div class=\"elementor-widget-wrap elementor-element-populated\">\n\t\t\t\t\t\t\t\t<div class=\"elementor-element elementor-element-b0508b3 elementor-position-left elementor-view-default elementor-widget elementor-widget-themo-header\" data-id=\"b0508b3\" data-element_type=\"widget\" data-widget_type=\"themo-header.default\">\n\t\t\t\t<div class=\"elementor-widget-container\">\n\t\t\t\t\t<div class=\"th-header-wrap\">\n        <div class=\"elementor-icon-box-wrapper\">\n                            <div class=\"elementor-icon-box-content\">\n                    <h3 class=\"elementor-icon-box-title\">\n                        ROOM 1                    <\/h3>\n                                        <p class=\"elementor-icon-box-description\">Our spacious plenary room is designed to accommodate up to 100 people, providing the ideal setting for your large-scale events. Whether for conferences, seminars or business meetings, our plenary room gives you the space you need to share your ideas and inspire your audience. Equipped with state-of-the-art audiovisual technology and optimal comfort, this room is ready to host your memorable events. Book now and bring your grand plans to life!<\/p>\n\n                                    <\/div>\n            <\/div>\n\n        <\/div>\n\n\t\t\t\t<\/div>\n\t\t\t\t<\/div>\n\t\t\t\t\t<\/div>\n\t\t<\/div>\n\t\t\t\t<div class=\"elementor-column elementor-col-50 elementor-top-column elementor-element elementor-element-1e9fdaa\" data-id=\"1e9fdaa\" data-element_type=\"column\" data-settings=\"{&quot;background_background&quot;:&quot;slideshow&quot;,&quot;background_slideshow_gallery&quot;:[{&quot;id&quot;:5371,&quot;url&quot;:&quot;https:\\\/\\\/legrandhoteldethies.com\\\/wp-content\\\/uploads\\\/2023\\\/08\\\/CAP06582-2-scaled-1.jpg&quot;},{&quot;id&quot;:5368,&quot;url&quot;:&quot;https:\\\/\\\/legrandhoteldethies.com\\\/wp-content\\\/uploads\\\/2023\\\/08\\\/CAP06591-2-scaled-1.jpg&quot;},{&quot;id&quot;:5367,&quot;url&quot;:&quot;https:\\\/\\\/legrandhoteldethies.com\\\/wp-content\\\/uploads\\\/2023\\\/08\\\/CAP06636-scaled-1.jpg&quot;},{&quot;id&quot;:5369,&quot;url&quot;:&quot;https:\\\/\\\/legrandhoteldethies.com\\\/wp-content\\\/uploads\\\/2023\\\/08\\\/CAP06585-2-scaled-1.jpg&quot;},{&quot;id&quot;:5370,&quot;url&quot;:&quot;https:\\\/\\\/legrandhoteldethies.com\\\/wp-content\\\/uploads\\\/2023\\\/08\\\/CAP06584-3-scaled-1.jpg&quot;}],&quot;background_slideshow_loop&quot;:&quot;yes&quot;,&quot;background_slideshow_slide_duration&quot;:5000,&quot;background_slideshow_slide_transition&quot;:&quot;fade&quot;,&quot;background_slideshow_transition_duration&quot;:500}\">\n\t\t\t<div class=\"elementor-widget-wrap elementor-element-populated\">\n\t\t\t\t\t\t\t\t<div class=\"elementor-element elementor-element-2c85510 elementor-widget elementor-widget-spacer\" data-id=\"2c85510\" data-element_type=\"widget\" data-widget_type=\"spacer.default\">\n\t\t\t\t<div class=\"elementor-widget-container\">\n\t\t\t\t\t<div class=\"elementor-spacer\">\n\t\t\t<div class=\"elementor-spacer-inner\"><\/div>\n\t\t<\/div>\n\t\t\t\t<\/div>\n\t\t\t\t<\/div>\n\t\t\t\t\t<\/div>\n\t\t<\/div>\n\t\t\t\t\t\t\t<\/div>\n\t\t<\/section>\n\t\t\t\t<section class=\"elementor-section elementor-top-section elementor-element elementor-element-c9365f9 elementor-section-full_width elementor-section-height-default elementor-section-height-default\" data-id=\"c9365f9\" data-element_type=\"section\">\n\t\t\t\t\t\t<div class=\"elementor-container elementor-column-gap-default\">\n\t\t\t\t\t<div class=\"elementor-column elementor-col-50 elementor-top-column elementor-element elementor-element-847ef20\" data-id=\"847ef20\" data-element_type=\"column\" data-settings=\"{&quot;background_background&quot;:&quot;slideshow&quot;,&quot;background_slideshow_gallery&quot;:[{&quot;id&quot;:5374,&quot;url&quot;:&quot;https:\\\/\\\/legrandhoteldethies.com\\\/wp-content\\\/uploads\\\/2023\\\/08\\\/CAP06578-scaled-1.jpg&quot;},{&quot;id&quot;:5372,&quot;url&quot;:&quot;https:\\\/\\\/legrandhoteldethies.com\\\/wp-content\\\/uploads\\\/2023\\\/08\\\/CAP06568-3-scaled-1.jpg&quot;},{&quot;id&quot;:5373,&quot;url&quot;:&quot;https:\\\/\\\/legrandhoteldethies.com\\\/wp-content\\\/uploads\\\/2023\\\/08\\\/CAP06573-2-scaled-1.jpg&quot;}],&quot;background_slideshow_loop&quot;:&quot;yes&quot;,&quot;background_slideshow_slide_duration&quot;:5000,&quot;background_slideshow_slide_transition&quot;:&quot;fade&quot;,&quot;background_slideshow_transition_duration&quot;:500}\">\n\t\t\t<div class=\"elementor-widget-wrap elementor-element-populated\">\n\t\t\t\t\t\t\t\t<div class=\"elementor-element elementor-element-094edf5 elementor-widget elementor-widget-spacer\" data-id=\"094edf5\" data-element_type=\"widget\" data-widget_type=\"spacer.default\">\n\t\t\t\t<div class=\"elementor-widget-container\">\n\t\t\t\t\t<div class=\"elementor-spacer\">\n\t\t\t<div class=\"elementor-spacer-inner\"><\/div>\n\t\t<\/div>\n\t\t\t\t<\/div>\n\t\t\t\t<\/div>\n\t\t\t\t\t<\/div>\n\t\t<\/div>\n\t\t\t\t<div class=\"elementor-column elementor-col-50 elementor-top-column elementor-element elementor-element-a4fac61\" data-id=\"a4fac61\" data-element_type=\"column\" data-settings=\"{&quot;background_background&quot;:&quot;classic&quot;}\">\n\t\t\t<div class=\"elementor-widget-wrap elementor-element-populated\">\n\t\t\t\t\t\t\t\t<div class=\"elementor-element elementor-element-209c4a9 elementor-position-left elementor-view-default elementor-widget elementor-widget-themo-header\" data-id=\"209c4a9\" data-element_type=\"widget\" data-widget_type=\"themo-header.default\">\n\t\t\t\t<div class=\"elementor-widget-container\">\n\t\t\t\t\t<div class=\"th-header-wrap\">\n        <div class=\"elementor-icon-box-wrapper\">\n                            <div class=\"elementor-icon-box-content\">\n                    <h3 class=\"elementor-icon-box-title\">\n                        ROOM 2                    <\/h3>\n                                        <p class=\"elementor-icon-box-description\">Are you looking for an intimate, convivial venue for your team meetings, workshops or training courses? Our plenary room is perfectly suited to your needs. With a capacity of up to 25 people, this room offers the ideal environment for productive exchanges and close collaboration. Equipped with modern technology and ergonomic furniture, you'll have everything you need to bring your projects to fruition. Book now and take advantage of a privileged space conducive to creativity and success.<\/p>\n\n                                    <\/div>\n            <\/div>\n\n        <\/div>\n\n\t\t\t\t<\/div>\n\t\t\t\t<\/div>\n\t\t\t\t\t<\/div>\n\t\t<\/div>\n\t\t\t\t\t\t\t<\/div>\n\t\t<\/section>\n\t\t\t\t<section class=\"elementor-section elementor-top-section elementor-element elementor-element-fcb8b7b elementor-section-full_width elementor-reverse-mobile elementor-section-height-default elementor-section-height-default\" data-id=\"fcb8b7b\" data-element_type=\"section\">\n\t\t\t\t\t\t<div class=\"elementor-container elementor-column-gap-default\">\n\t\t\t\t\t<div class=\"elementor-column elementor-col-50 elementor-top-column elementor-element elementor-element-b0292f8\" data-id=\"b0292f8\" data-element_type=\"column\" data-settings=\"{&quot;background_background&quot;:&quot;classic&quot;}\">\n\t\t\t<div class=\"elementor-widget-wrap elementor-element-populated\">\n\t\t\t\t\t\t\t\t<div class=\"elementor-element elementor-element-61526dc elementor-position-left elementor-view-default elementor-widget elementor-widget-themo-header\" data-id=\"61526dc\" data-element_type=\"widget\" data-widget_type=\"themo-header.default\">\n\t\t\t\t<div class=\"elementor-widget-container\">\n\t\t\t\t\t<div class=\"th-header-wrap\">\n        <div class=\"elementor-icon-box-wrapper\">\n                            <div class=\"elementor-icon-box-content\">\n                    <h3 class=\"elementor-icon-box-title\">\n                        ROOM 3                    <\/h3>\n                                        <p class=\"elementor-icon-box-description\">Our boardroom is the ideal place for confidential and decisive meetings. With a capacity of up to 20 people, this room offers an exclusive atmosphere conducive to making important decisions. Featuring state-of-the-art audiovisual equipment and elegant furnishings, it creates a professional and refined setting for your strategic discussions. Our dedicated team will take care of all your logistical needs, so you can concentrate on what's important. Book now and enjoy a discreet environment for high-level meetings.<\/p>\n\n                                    <\/div>\n            <\/div>\n\n        <\/div>\n\n\t\t\t\t<\/div>\n\t\t\t\t<\/div>\n\t\t\t\t\t<\/div>\n\t\t<\/div>\n\t\t\t\t<div class=\"elementor-column elementor-col-50 elementor-top-column elementor-element elementor-element-46a6c58\" data-id=\"46a6c58\" data-element_type=\"column\" data-settings=\"{&quot;background_background&quot;:&quot;slideshow&quot;,&quot;background_slideshow_gallery&quot;:[{&quot;id&quot;:5378,&quot;url&quot;:&quot;https:\\\/\\\/legrandhoteldethies.com\\\/wp-content\\\/uploads\\\/2023\\\/08\\\/CAP06561-3-scaled-1.jpg&quot;},{&quot;id&quot;:4689,&quot;url&quot;:&quot;https:\\\/\\\/legrandhoteldethies.com\\\/wp-content\\\/uploads\\\/2023\\\/08\\\/CAP06556-scaled.jpg&quot;}],&quot;background_slideshow_loop&quot;:&quot;yes&quot;,&quot;background_slideshow_slide_duration&quot;:5000,&quot;background_slideshow_slide_transition&quot;:&quot;fade&quot;,&quot;background_slideshow_transition_duration&quot;:500}\">\n\t\t\t<div class=\"elementor-widget-wrap elementor-element-populated\">\n\t\t\t\t\t\t\t\t<div class=\"elementor-element elementor-element-31b4071 elementor-widget elementor-widget-spacer\" data-id=\"31b4071\" data-element_type=\"widget\" data-widget_type=\"spacer.default\">\n\t\t\t\t<div class=\"elementor-widget-container\">\n\t\t\t\t\t<div class=\"elementor-spacer\">\n\t\t\t<div class=\"elementor-spacer-inner\"><\/div>\n\t\t<\/div>\n\t\t\t\t<\/div>\n\t\t\t\t<\/div>\n\t\t\t\t\t<\/div>\n\t\t<\/div>\n\t\t\t\t\t\t\t<\/div>\n\t\t<\/section>\n\t\t\t\t\t\t\t<\/div>","protected":false},"excerpt":{"rendered":"<p>SALLES SALLE 1 Notre salle pl\u00e9ni\u00e8re spacieuse est con\u00e7ue pour accueillir jusqu\u2019\u00e0 100 personnes, offrant un cadre id\u00e9al pour vos \u00e9v\u00e9nements d\u2019envergure. Que ce soit pour des conf\u00e9rences, des s\u00e9minaires ou des r\u00e9unions professionnelles, notre salle pl\u00e9ni\u00e8re vous offre l\u2019espace &hellip; <a href=\"https:\/\/legrandhoteldethies.com\/en\/salles\/\">Read More<\/a><\/p>","protected":false},"author":1,"featured_media":0,"parent":0,"menu_order":0,"comment_status":"closed","ping_status":"closed","template":"","meta":{"footnotes":""},"class_list":["post-5280","page","type-page","status-publish","hentry"],"yoast_head":"<!-- This site is optimized with the Yoast SEO Premium plugin v24.0 (Yoast SEO v24.0) - https:\/\/yoast.com\/wordpress\/plugins\/seo\/ -->\n<title>Salle \u00e0 Thies : L&#039;endroit parfait pour vos \u00e9v\u00e9nements d&#039;envergure - Le Grand H\u00f4tel de Thi\u00e8s<\/title>\n<meta name=\"description\" content=\"D\u00e9couvrez notre salle pl\u00e9ni\u00e8re spacieuse et confortable pour vos \u00e9v\u00e9nements d&#039;envergure \u00e0 Thies. R\u00e9servez d\u00e8s maintenant et inspirez votre auditoire.\" \/>\n<meta name=\"robots\" content=\"index, follow, max-snippet:-1, max-image-preview:large, max-video-preview:-1\" \/>\n<link rel=\"canonical\" href=\"https:\/\/legrandhoteldethies.com\/en\/salles\/\" \/>\n<meta property=\"og:locale\" content=\"en_GB\" \/>\n<meta property=\"og:type\" content=\"article\" \/>\n<meta property=\"og:title\" content=\"Salles\" \/>\n<meta property=\"og:description\" content=\"D\u00e9couvrez notre salle pl\u00e9ni\u00e8re spacieuse et confortable pour vos \u00e9v\u00e9nements d&#039;envergure \u00e0 Thies. R\u00e9servez d\u00e8s maintenant et inspirez votre auditoire.\" \/>\n<meta property=\"og:url\" content=\"https:\/\/legrandhoteldethies.com\/en\/salles\/\" \/>\n<meta property=\"og:site_name\" content=\"Le Grand H\u00f4tel de Thi\u00e8s\" \/>\n<meta property=\"article:publisher\" content=\"https:\/\/www.facebook.com\/legrandhoteldethies\/\" \/>\n<meta property=\"article:modified_time\" content=\"2024-04-02T11:30:33+00:00\" \/>\n<meta property=\"og:image\" content=\"https:\/\/legrandhoteldethies.com\/wp-content\/uploads\/2023\/08\/CAP06170-scaled.jpg\" \/>\n\t<meta property=\"og:image:width\" content=\"2560\" \/>\n\t<meta property=\"og:image:height\" content=\"1781\" \/>\n\t<meta property=\"og:image:type\" content=\"image\/jpeg\" \/>\n<meta name=\"twitter:card\" content=\"summary_large_image\" \/>\n<meta name=\"twitter:label1\" content=\"Estimated reading time\" \/>\n\t<meta name=\"twitter:data1\" content=\"2 minutes\" \/>\n<script type=\"application\/ld+json\" class=\"yoast-schema-graph\">{\"@context\":\"https:\/\/schema.org\",\"@graph\":[{\"@type\":\"WebPage\",\"@id\":\"https:\/\/legrandhoteldethies.com\/salles\/\",\"url\":\"https:\/\/legrandhoteldethies.com\/salles\/\",\"name\":\"Salle \u00e0 Thies : L'endroit parfait pour vos \u00e9v\u00e9nements d'envergure - Le Grand H\u00f4tel de Thi\u00e8s\",\"isPartOf\":{\"@id\":\"https:\/\/legrandhoteldethies.com\/#website\"},\"datePublished\":\"2023-08-28T11:55:53+00:00\",\"dateModified\":\"2024-04-02T11:30:33+00:00\",\"description\":\"D\u00e9couvrez notre salle pl\u00e9ni\u00e8re spacieuse et confortable pour vos \u00e9v\u00e9nements d'envergure \u00e0 Thies. R\u00e9servez d\u00e8s maintenant et inspirez votre auditoire.\",\"breadcrumb\":{\"@id\":\"https:\/\/legrandhoteldethies.com\/salles\/#breadcrumb\"},\"inLanguage\":\"en-GB\",\"potentialAction\":[{\"@type\":\"ReadAction\",\"target\":[\"https:\/\/legrandhoteldethies.com\/salles\/\"]}]},{\"@type\":\"BreadcrumbList\",\"@id\":\"https:\/\/legrandhoteldethies.com\/salles\/#breadcrumb\",\"itemListElement\":[{\"@type\":\"ListItem\",\"position\":1,\"name\":\"Accueil\",\"item\":\"https:\/\/legrandhoteldethies.com\/\"},{\"@type\":\"ListItem\",\"position\":2,\"name\":\"Salles\"}]},{\"@type\":\"WebSite\",\"@id\":\"https:\/\/legrandhoteldethies.com\/#website\",\"url\":\"https:\/\/legrandhoteldethies.com\/\",\"name\":\"Le Grand H\u00f4tel de Thi\u00e8s\",\"description\":\"H\u00f4tel et Restaurant \u00e0 Thi\u00e8s\",\"publisher\":{\"@id\":\"https:\/\/legrandhoteldethies.com\/#organization\"},\"alternateName\":\"GHDT\",\"potentialAction\":[{\"@type\":\"SearchAction\",\"target\":{\"@type\":\"EntryPoint\",\"urlTemplate\":\"https:\/\/legrandhoteldethies.com\/?s={search_term_string}\"},\"query-input\":{\"@type\":\"PropertyValueSpecification\",\"valueRequired\":true,\"valueName\":\"search_term_string\"}}],\"inLanguage\":\"en-GB\"},{\"@type\":\"Organization\",\"@id\":\"https:\/\/legrandhoteldethies.com\/#organization\",\"name\":\"Le Grand H\u00f4tel de Thi\u00e8s\",\"alternateName\":\"GHDT\",\"url\":\"https:\/\/legrandhoteldethies.com\/\",\"logo\":{\"@type\":\"ImageObject\",\"inLanguage\":\"en-GB\",\"@id\":\"https:\/\/legrandhoteldethies.com\/#\/schema\/logo\/image\/\",\"url\":\"https:\/\/legrandhoteldethies.com\/wp-content\/uploads\/2023\/08\/logo.png\",\"contentUrl\":\"https:\/\/legrandhoteldethies.com\/wp-content\/uploads\/2023\/08\/logo.png\",\"width\":2560,\"height\":2078,\"caption\":\"Le Grand H\u00f4tel de Thi\u00e8s\"},\"image\":{\"@id\":\"https:\/\/legrandhoteldethies.com\/#\/schema\/logo\/image\/\"},\"sameAs\":[\"https:\/\/www.facebook.com\/legrandhoteldethies\/\",\"https:\/\/www.instagram.com\/legrandhotelthies\/\"]}]}<\/script>\n<!-- \/ Yoast SEO Premium plugin. -->","yoast_head_json":{"title":"Salle \u00e0 Thies : L'endroit parfait pour vos \u00e9v\u00e9nements d'envergure - Le Grand H\u00f4tel de Thi\u00e8s","description":"D\u00e9couvrez notre salle pl\u00e9ni\u00e8re spacieuse et confortable pour vos \u00e9v\u00e9nements d'envergure \u00e0 Thies. R\u00e9servez d\u00e8s maintenant et inspirez votre auditoire.","robots":{"index":"index","follow":"follow","max-snippet":"max-snippet:-1","max-image-preview":"max-image-preview:large","max-video-preview":"max-video-preview:-1"},"canonical":"https:\/\/legrandhoteldethies.com\/en\/salles\/","og_locale":"en_GB","og_type":"article","og_title":"Salles","og_description":"D\u00e9couvrez notre salle pl\u00e9ni\u00e8re spacieuse et confortable pour vos \u00e9v\u00e9nements d'envergure \u00e0 Thies. R\u00e9servez d\u00e8s maintenant et inspirez votre auditoire.","og_url":"https:\/\/legrandhoteldethies.com\/en\/salles\/","og_site_name":"Le Grand H\u00f4tel de Thi\u00e8s","article_publisher":"https:\/\/www.facebook.com\/legrandhoteldethies\/","article_modified_time":"2024-04-02T11:30:33+00:00","og_image":[{"width":2560,"height":1781,"url":"https:\/\/legrandhoteldethies.com\/wp-content\/uploads\/2023\/08\/CAP06170-scaled.jpg","type":"image\/jpeg"}],"twitter_card":"summary_large_image","twitter_misc":{"Estimated reading time":"2 minutes"},"schema":{"@context":"https:\/\/schema.org","@graph":[{"@type":"WebPage","@id":"https:\/\/legrandhoteldethies.com\/salles\/","url":"https:\/\/legrandhoteldethies.com\/salles\/","name":"Salle \u00e0 Thies : L'endroit parfait pour vos \u00e9v\u00e9nements d'envergure - Le Grand H\u00f4tel de Thi\u00e8s","isPartOf":{"@id":"https:\/\/legrandhoteldethies.com\/#website"},"datePublished":"2023-08-28T11:55:53+00:00","dateModified":"2024-04-02T11:30:33+00:00","description":"D\u00e9couvrez notre salle pl\u00e9ni\u00e8re spacieuse et confortable pour vos \u00e9v\u00e9nements d'envergure \u00e0 Thies. R\u00e9servez d\u00e8s maintenant et inspirez votre auditoire.","breadcrumb":{"@id":"https:\/\/legrandhoteldethies.com\/salles\/#breadcrumb"},"inLanguage":"en-GB","potentialAction":[{"@type":"ReadAction","target":["https:\/\/legrandhoteldethies.com\/salles\/"]}]},{"@type":"BreadcrumbList","@id":"https:\/\/legrandhoteldethies.com\/salles\/#breadcrumb","itemListElement":[{"@type":"ListItem","position":1,"name":"Accueil","item":"https:\/\/legrandhoteldethies.com\/"},{"@type":"ListItem","position":2,"name":"Salles"}]},{"@type":"WebSite","@id":"https:\/\/legrandhoteldethies.com\/#website","url":"https:\/\/legrandhoteldethies.com\/","name":"Le Grand H\u00f4tel de Thi\u00e8s","description":"H\u00f4tel et Restaurant \u00e0 Thi\u00e8s","publisher":{"@id":"https:\/\/legrandhoteldethies.com\/#organization"},"alternateName":"GHDT","potentialAction":[{"@type":"SearchAction","target":{"@type":"EntryPoint","urlTemplate":"https:\/\/legrandhoteldethies.com\/?s={search_term_string}"},"query-input":{"@type":"PropertyValueSpecification","valueRequired":true,"valueName":"search_term_string"}}],"inLanguage":"en-GB"},{"@type":"Organization","@id":"https:\/\/legrandhoteldethies.com\/#organization","name":"Le Grand H\u00f4tel de Thi\u00e8s","alternateName":"GHDT","url":"https:\/\/legrandhoteldethies.com\/","logo":{"@type":"ImageObject","inLanguage":"en-GB","@id":"https:\/\/legrandhoteldethies.com\/#\/schema\/logo\/image\/","url":"https:\/\/legrandhoteldethies.com\/wp-content\/uploads\/2023\/08\/logo.png","contentUrl":"https:\/\/legrandhoteldethies.com\/wp-content\/uploads\/2023\/08\/logo.png","width":2560,"height":2078,"caption":"Le Grand H\u00f4tel de Thi\u00e8s"},"image":{"@id":"https:\/\/legrandhoteldethies.com\/#\/schema\/logo\/image\/"},"sameAs":["https:\/\/www.facebook.com\/legrandhoteldethies\/","https:\/\/www.instagram.com\/legrandhotelthies\/"]}]}},"_links":{"self":[{"href":"https:\/\/legrandhoteldethies.com\/en\/wp-json\/wp\/v2\/pages\/5280","targetHints":{"allow":["GET"]}}],"collection":[{"href":"https:\/\/legrandhoteldethies.com\/en\/wp-json\/wp\/v2\/pages"}],"about":[{"href":"https:\/\/legrandhoteldethies.com\/en\/wp-json\/wp\/v2\/types\/page"}],"author":[{"embeddable":true,"href":"https:\/\/legrandhoteldethies.com\/en\/wp-json\/wp\/v2\/users\/1"}],"replies":[{"embeddable":true,"href":"https:\/\/legrandhoteldethies.com\/en\/wp-json\/wp\/v2\/comments?post=5280"}],"version-history":[{"count":13,"href":"https:\/\/legrandhoteldethies.com\/en\/wp-json\/wp\/v2\/pages\/5280\/revisions"}],"predecessor-version":[{"id":5787,"href":"https:\/\/legrandhoteldethies.com\/en\/wp-json\/wp\/v2\/pages\/5280\/revisions\/5787"}],"wp:attachment":[{"href":"https:\/\/legrandhoteldethies.com\/en\/wp-json\/wp\/v2\/media?parent=5280"}],"curies":[{"name":"wp","href":"https:\/\/api.w.org\/{rel}","templated":true}]}}